{"id":300,"date":"2024-01-16T07:25:31","date_gmt":"2024-01-16T07:25:31","guid":{"rendered":"https:\/\/avradesign.com\/tropi\/?page_id=300"},"modified":"2024-02-28T10:31:07","modified_gmt":"2024-02-28T10:31:07","slug":"compressed-bags","status":"publish","type":"page","link":"https:\/\/tropicoirlanka.com\/es\/products\/diverse-range-of-professional-products\/compressed-bags\/","title":{"rendered":"Compressed Bags"},"content":{"rendered":"<div data-elementor-type=\"wp-page\" data-elementor-id=\"300\" class=\"elementor elementor-300\" data-elementor-post-type=\"page\">\n\t\t\t\t\t\t<section data-particle_enable=\"false\" data-particle-mobile-disabled=\"false\" class=\"elementor-section elementor-top-section elementor-element elementor-element-4ff066d elementor-section-height-min-height elementor-section-full_width elementor-section-items-stretch elementor-section-height-default\" data-id=\"4ff066d\" data-element_type=\"section\" data-settings=\"{&quot;background_background&quot;:&quot;classic&quot;}\">\n\t\t\t\t\t\t\t<div class=\"elementor-background-overlay\"><\/div>\n\t\t\t\t\t\t\t<div class=\"elementor-container elementor-column-gap-extended\">\n\t\t\t\t\t<div class=\"elementor-column elementor-col-50 elementor-top-column elementor-element elementor-element-5b21853 elementor-hidden-mobile\" data-id=\"5b21853\" data-element_type=\"column\">\n\t\t\t<div class=\"elementor-widget-wrap\">\n\t\t\t\t\t\t\t<\/div>\n\t\t<\/div>\n\t\t\t\t<div class=\"elementor-column elementor-col-50 elementor-top-column elementor-element elementor-element-5b4e8e9\" data-id=\"5b4e8e9\" data-element_type=\"column\">\n\t\t\t<div class=\"elementor-widget-wrap elementor-element-populated\">\n\t\t\t\t\t\t<div class=\"elementor-element elementor-element-45ab848 elementor-widget__width-initial animated-slow elementor-invisible elementor-widget elementor-widget-heading\" data-id=\"45ab848\" data-element_type=\"widget\" data-settings=\"{&quot;_animation&quot;:&quot;fadeInUp&quot;}\" data-widget_type=\"heading.default\">\n\t\t\t\t<div class=\"elementor-widget-container\">\n\t\t\t<h2 class=\"elementor-heading-title elementor-size-default\">Compressed Bags<\/h2>\t\t<\/div>\n\t\t\t\t<\/div>\n\t\t\t\t\t<\/div>\n\t\t<\/div>\n\t\t\t\t\t<\/div>\n\t\t<\/section>\n\t\t\t\t<section data-particle_enable=\"false\" data-particle-mobile-disabled=\"false\" class=\"elementor-section elementor-top-section elementor-element elementor-element-ae27ea9 elementor-section-boxed elementor-section-height-default elementor-section-height-default\" data-id=\"ae27ea9\" data-element_type=\"section\">\n\t\t\t\t\t\t<div class=\"elementor-container elementor-column-gap-default\">\n\t\t\t\t\t<div class=\"elementor-column elementor-col-100 elementor-top-column elementor-element elementor-element-aaf5be6\" data-id=\"aaf5be6\" data-element_type=\"column\">\n\t\t\t<div class=\"elementor-widget-wrap elementor-element-populated\">\n\t\t\t\t\t\t<section data-particle_enable=\"false\" data-particle-mobile-disabled=\"false\" class=\"elementor-section elementor-inner-section elementor-element elementor-element-38b70b3 elementor-section-boxed elementor-section-height-default elementor-section-height-default\" data-id=\"38b70b3\" data-element_type=\"section\">\n\t\t\t\t\t\t<div class=\"elementor-container elementor-column-gap-default\">\n\t\t\t\t\t<div class=\"elementor-column elementor-col-50 elementor-inner-column elementor-element elementor-element-0b84625\" data-id=\"0b84625\" data-element_type=\"column\">\n\t\t\t<div class=\"elementor-widget-wrap elementor-element-populated\">\n\t\t\t\t\t\t<div class=\"elementor-element elementor-element-96de099 elementor-arrows-position-inside elementor-pagination-position-outside elementor-widget elementor-widget-image-carousel\" data-id=\"96de099\" data-element_type=\"widget\" data-settings=\"{&quot;slides_to_show&quot;:&quot;1&quot;,&quot;navigation&quot;:&quot;both&quot;,&quot;autoplay&quot;:&quot;yes&quot;,&quot;pause_on_hover&quot;:&quot;yes&quot;,&quot;pause_on_interaction&quot;:&quot;yes&quot;,&quot;autoplay_speed&quot;:5000,&quot;infinite&quot;:&quot;yes&quot;,&quot;effect&quot;:&quot;slide&quot;,&quot;speed&quot;:500}\" data-widget_type=\"image-carousel.default\">\n\t\t\t\t<div class=\"elementor-widget-container\">\n\t\t\t\t\t<div class=\"elementor-image-carousel-wrapper swiper\" dir=\"ltr\">\n\t\t\t<div class=\"elementor-image-carousel swiper-wrapper swiper-image-stretch\" aria-live=\"off\">\n\t\t\t\t\t\t\t\t<div class=\"swiper-slide\" role=\"group\" aria-roledescription=\"slide\" aria-label=\"1 de 1\"><figure class=\"swiper-slide-inner\"><img decoding=\"async\" class=\"swiper-slide-image\" src=\"https:\/\/tropicoirlanka.com\/wp-content\/uploads\/2024\/01\/Comp2222-scaled.jpg\" alt=\"Comp2222\" \/><\/figure><\/div>\t\t\t<\/div>\n\t\t\t\t\t<\/div>\n\t\t\t\t<\/div>\n\t\t\t\t<\/div>\n\t\t\t\t\t<\/div>\n\t\t<\/div>\n\t\t\t\t<div class=\"elementor-column elementor-col-50 elementor-inner-column elementor-element elementor-element-d8bca94\" data-id=\"d8bca94\" data-element_type=\"column\">\n\t\t\t<div class=\"elementor-widget-wrap elementor-element-populated\">\n\t\t\t\t\t\t<div class=\"elementor-element elementor-element-3fa3f9a animated-slow elementor-invisible elementor-widget elementor-widget-text-editor\" data-id=\"3fa3f9a\" data-element_type=\"widget\" data-settings=\"{&quot;_animation&quot;:&quot;fadeIn&quot;}\" data-widget_type=\"text-editor.default\">\n\t\t\t\t<div class=\"elementor-widget-container\">\n\t\t\t\t\t\t\t<p style=\"text-align: left;\">El producto definitivo para los productores comerciales a la hora de comercializar sus propias mezclas para macetas. Su baja relaci\u00f3n de compresi\u00f3n hace que se convierta f\u00e1cilmente en material a granel listo para usar, sin siquiera a\u00f1adir agua.<\/p><ul><li style=\"text-align: left;\">La bolsa viene en 02 variedades principales, sustratos Coco Peat y Coco Chips.<\/li><\/ul>\t\t\t\t\t\t<\/div>\n\t\t\t\t<\/div>\n\t\t\t\t<div class=\"elementor-element elementor-element-3c64c28 animated-slow elementor-invisible elementor-widget elementor-widget-text-editor\" data-id=\"3c64c28\" data-element_type=\"widget\" data-settings=\"{&quot;_animation&quot;:&quot;fadeIn&quot;}\" data-widget_type=\"text-editor.default\">\n\t\t\t\t<div class=\"elementor-widget-container\">\n\t\t\t\t\t\t\t<table border=\"1\"><thead><tr><th>Producto<\/th><th>M\u00e9todo de carga<\/th><th>Cantidad por 40\u2019 HC<\/th><\/tr><\/thead><tbody><tr><td rowspan=\"2\">turba de coco<\/td><td>Cargado gratis<\/td><td>656<\/td><\/tr><tr><td>Apilados en palets est\u00e1ndar<\/td><td>560<\/td><\/tr><\/tbody><\/table><h6><strong><span style=\"color: #86a900;\">Embalaje-<\/span><\/strong><\/h6><ul><li>en bolsas de 25 sin imprimir o con impresi\u00f3n personalizada<\/li><\/ul><h6><span style=\"color: #86a900;\">Volumen de ruptura:<\/span><\/h6><ul><li>m\u00e1s de 225 litros por bolsa (&gt;225 litros por bolsa)<\/li><\/ul>\t\t\t\t\t\t<\/div>\n\t\t\t\t<\/div>\n\t\t\t\t<div class=\"elementor-element elementor-element-1120613 animated-slow elementor-invisible elementor-widget elementor-widget-text-editor\" data-id=\"1120613\" data-element_type=\"widget\" data-settings=\"{&quot;_animation&quot;:&quot;fadeIn&quot;}\" data-widget_type=\"text-editor.default\">\n\t\t\t\t<div class=\"elementor-widget-container\">\n\t\t\t\t\t\t\t<table border=\"1\">\n<thead>\n<tr>\n<th>Producto<\/th>\n<th>M\u00e9todo de carga<\/th>\n<th>Cantidad por 40\u2019 HC<\/th>\n<\/tr>\n<\/thead>\n<tbody>\n<tr>\n<td rowspan=\"2\">Chips de coco<\/td>\n<td>Cargado gratis<\/td>\n<td>672<\/td>\n<\/tr>\n<tr>\n<td>Apilados en palets est\u00e1ndar<\/td>\n<td>560<\/td>\n<\/tr>\n<\/tbody>\n<\/table>\n<h6><span style=\"color: #86a900;\">Embalaje-<\/span><\/h6>\n<ul>\n<li>En bolsas de 20 unidades sin imprimir o con impresi\u00f3n personalizada<\/li>\n<\/ul>\n<h6><span style=\"color: #86a900;\">Volumen de ruptura:<\/span><\/h6>\n<ul>\n<li>S: 140 \u2013 150 litros por bolsa<\/li>\n<li>SS: 180 \u2013 190 litros por bolsa<\/li>\n<li>SSS: 200 \u2013 210 litros por bolsa<\/li>\n<\/ul>\t\t\t\t\t\t<\/div>\n\t\t\t\t<\/div>\n\t\t\t\t\t<\/div>\n\t\t<\/div>\n\t\t\t\t\t<\/div>\n\t\t<\/section>\n\t\t\t\t<section data-particle_enable=\"false\" data-particle-mobile-disabled=\"false\" class=\"elementor-section elementor-inner-section elementor-element elementor-element-ae89759 elementor-section-boxed elementor-section-height-default elementor-section-height-default\" data-id=\"ae89759\" data-element_type=\"section\">\n\t\t\t\t\t\t<div class=\"elementor-container elementor-column-gap-default\">\n\t\t\t\t\t<div class=\"elementor-column elementor-col-100 elementor-inner-column elementor-element elementor-element-b064a25\" data-id=\"b064a25\" data-element_type=\"column\">\n\t\t\t<div class=\"elementor-widget-wrap\">\n\t\t\t\t\t\t\t<\/div>\n\t\t<\/div>\n\t\t\t\t\t<\/div>\n\t\t<\/section>\n\t\t\t\t\t<\/div>\n\t\t<\/div>\n\t\t\t\t\t<\/div>\n\t\t<\/section>\n\t\t\t\t<section data-particle_enable=\"false\" data-particle-mobile-disabled=\"false\" class=\"elementor-section elementor-top-section elementor-element elementor-element-dcbdb1f elementor-section-boxed elementor-section-height-default elementor-section-height-default\" data-id=\"dcbdb1f\" data-element_type=\"section\">\n\t\t\t\t\t\t<div class=\"elementor-container elementor-column-gap-default\">\n\t\t\t\t\t<div class=\"elementor-column elementor-col-100 elementor-top-column elementor-element elementor-element-4f3a034\" data-id=\"4f3a034\" data-element_type=\"column\">\n\t\t\t<div class=\"elementor-widget-wrap elementor-element-populated\">\n\t\t\t\t\t\t<div class=\"elementor-element elementor-element-8fa84d2 elementor-widget elementor-widget-heading\" data-id=\"8fa84d2\" data-element_type=\"widget\" data-widget_type=\"heading.default\">\n\t\t\t\t<div class=\"elementor-widget-container\">\n\t\t\t<h2 class=\"elementor-heading-title elementor-size-default\">Productos relacionados<\/h2>\t\t<\/div>\n\t\t\t\t<\/div>\n\t\t\t\t\t<\/div>\n\t\t<\/div>\n\t\t\t\t\t<\/div>\n\t\t<\/section>\n\t\t\t\t<section data-particle_enable=\"false\" data-particle-mobile-disabled=\"false\" class=\"elementor-section elementor-top-section elementor-element elementor-element-af43c03 elementor-section-boxed elementor-section-height-default elementor-section-height-default\" data-id=\"af43c03\" data-element_type=\"section\">\n\t\t\t\t\t\t<div class=\"elementor-container elementor-column-gap-default\">\n\t\t\t\t\t<div class=\"elementor-column elementor-col-25 elementor-top-column elementor-element elementor-element-799e59b\" data-id=\"799e59b\" data-element_type=\"column\">\n\t\t\t<div class=\"elementor-widget-wrap elementor-element-populated\">\n\t\t\t\t\t\t<div class=\"elementor-element elementor-element-f085243 elementor-widget elementor-widget-uael-infobox\" data-id=\"f085243\" data-element_type=\"widget\" data-widget_type=\"uael-infobox.default\">\n\t\t\t\t<div class=\"elementor-widget-container\">\n\t\t\t\n<div class=\"uael-module-content uael-infobox uael-imgicon-style-custom  infobox-has-photo uael-infobox-photo-above-title  uael-infobox-link-type-button\">\n\t<div class=\"uael-infobox-left-right-wrap\">\n\t\t\t\t\t\t<div class=\"uael-infobox-content\">\n\t\t\t\t\t\t\t<div class=\"uael-module-content uael-imgicon-wrap\">\t\t\t\t\t\t\t\t\t\t\t\n\t\t\t\t\t\t\t\t\t\t\t\t\t\t\t\t<div class=\"uael-image\" itemscope itemtype=\"http:\/\/schema.org\/ImageObject\">\n\t\t\t\t\t\t\t<div class=\"uael-image-content elementor-animation-\">\n\t\t\t\t\t\t\t\t<img fetchpriority=\"high\" decoding=\"async\" width=\"2560\" height=\"1810\" src=\"https:\/\/tropicoirlanka.com\/wp-content\/uploads\/2024\/01\/Disk-scaled.jpg\" class=\"attachment-full size-full wp-image-1727\" alt=\"Coco Disk\" srcset=\"https:\/\/tropicoirlanka.com\/wp-content\/uploads\/2024\/01\/Disk-scaled.jpg 2560w, https:\/\/tropicoirlanka.com\/wp-content\/uploads\/2024\/01\/Disk-300x212.jpg 300w, https:\/\/tropicoirlanka.com\/wp-content\/uploads\/2024\/01\/Disk-1024x724.jpg 1024w, https:\/\/tropicoirlanka.com\/wp-content\/uploads\/2024\/01\/Disk-768x543.jpg 768w, https:\/\/tropicoirlanka.com\/wp-content\/uploads\/2024\/01\/Disk-1536x1086.jpg 1536w, https:\/\/tropicoirlanka.com\/wp-content\/uploads\/2024\/01\/Disk-2048x1448.jpg 2048w\" sizes=\"(max-width: 2560px) 100vw, 2560px\" \/>\t\t\t\t\t\t\t<\/div>\n\t\t\t\t\t\t<\/div>\n\n\t\t\t\t\t\t\t\t\t<\/div>\n\t\t\t\t\t\t\t<div class='uael-infobox-title-wrap'><h4 class=\"uael-infobox-title elementor-inline-editing\" data-elementor-setting-key=\"infobox_title\" data-elementor-inline-editing-toolbar=\"basic\" >Disks<\/h4><\/div>\t\t\t\t\t\t\t\t\t<div class=\"uael-infobox-text-wrap\">\n\t\t\t\t<div class=\"uael-infobox-text elementor-inline-editing\" data-elementor-setting-key=\"infobox_description\" data-elementor-inline-editing-toolbar=\"advanced\">\n\t\t\t\t\t<p>El producto m\u00e1s buscado por los floricultores, especialmente aquellos que cultivan plantas en maceta. <\/p>\t\t\t\t<\/div>\n\t\t\t\t\t\n\t\t\t\t\t\t\t<div class=\"uael-button-wrapper elementor-button-wrapper\">\n\t\t\t\t<a href=\"https:\/\/tropicoirlanka.com\/products\/diverse-range-of-professional-products\/disks\/\" class=\"elementor-button-link  elementor-button elementor-size-sm\">\n\t\t\t\t\t\t\t<span class=\"elementor-button-content-wrapper\">\n\t\t\t\t\t\t\t\t\t\t\t\t\t\t\t\t<span class=\"elementor-align-icon-right elementor-button-icon\">\n\t\t\t\t\t\t\t\t\t\t\t<\/span>\n\t\t\t\t\t\t\t\n\t\t\t<span class=\"elementor-button-text elementor-inline-editing\"  data-elementor-setting-key=\"infobox_button_text\" data-elementor-inline-editing-toolbar=\"none\"><span>Leer m\u00e1s<\/span><\/span>\n\t\t<\/span>\n\t\t\t\t\t\t<\/a>\n\t\t\t<\/div>\n\t\t\t\t\t\t<\/div>\n\t\t<\/div>\n\t\t\t<\/div>\n<\/div>\n\t\t<\/div>\n\t\t\t\t<\/div>\n\t\t\t\t\t<\/div>\n\t\t<\/div>\n\t\t\t\t<div class=\"elementor-column elementor-col-25 elementor-top-column elementor-element elementor-element-056b3f8\" data-id=\"056b3f8\" data-element_type=\"column\">\n\t\t\t<div class=\"elementor-widget-wrap elementor-element-populated\">\n\t\t\t\t\t\t<div class=\"elementor-element elementor-element-9f9e1c8 elementor-widget elementor-widget-uael-infobox\" data-id=\"9f9e1c8\" data-element_type=\"widget\" data-widget_type=\"uael-infobox.default\">\n\t\t\t\t<div class=\"elementor-widget-container\">\n\t\t\t\n<div class=\"uael-module-content uael-infobox uael-imgicon-style-custom  infobox-has-photo uael-infobox-photo-above-title  uael-infobox-link-type-button\">\n\t<div class=\"uael-infobox-left-right-wrap\">\n\t\t\t\t\t\t<div class=\"uael-infobox-content\">\n\t\t\t\t\t\t\t<div class=\"uael-module-content uael-imgicon-wrap\">\t\t\t\t\t\t\t\t\t\t\t\n\t\t\t\t\t\t\t\t\t\t\t\t\t\t\t\t<div class=\"uael-image\" itemscope itemtype=\"http:\/\/schema.org\/ImageObject\">\n\t\t\t\t\t\t\t<div class=\"uael-image-content elementor-animation-\">\n\t\t\t\t\t\t\t\t<img decoding=\"async\" width=\"2560\" height=\"1707\" src=\"https:\/\/tropicoirlanka.com\/wp-content\/uploads\/2024\/01\/Quick-FIll-Bags-scaled.jpg\" class=\"attachment-full size-full wp-image-1723\" alt=\"\" srcset=\"https:\/\/tropicoirlanka.com\/wp-content\/uploads\/2024\/01\/Quick-FIll-Bags-scaled.jpg 2560w, https:\/\/tropicoirlanka.com\/wp-content\/uploads\/2024\/01\/Quick-FIll-Bags-300x200.jpg 300w, https:\/\/tropicoirlanka.com\/wp-content\/uploads\/2024\/01\/Quick-FIll-Bags-1024x683.jpg 1024w, https:\/\/tropicoirlanka.com\/wp-content\/uploads\/2024\/01\/Quick-FIll-Bags-768x512.jpg 768w, https:\/\/tropicoirlanka.com\/wp-content\/uploads\/2024\/01\/Quick-FIll-Bags-1536x1024.jpg 1536w, https:\/\/tropicoirlanka.com\/wp-content\/uploads\/2024\/01\/Quick-FIll-Bags-2048x1365.jpg 2048w\" sizes=\"(max-width: 2560px) 100vw, 2560px\" \/>\t\t\t\t\t\t\t<\/div>\n\t\t\t\t\t\t<\/div>\n\n\t\t\t\t\t\t\t\t\t<\/div>\n\t\t\t\t\t\t\t<div class='uael-infobox-title-wrap'><h4 class=\"uael-infobox-title elementor-inline-editing\" data-elementor-setting-key=\"infobox_title\" data-elementor-inline-editing-toolbar=\"basic\" >Quick Fill Bags <\/h4><\/div>\t\t\t\t\t\t\t\t\t<div class=\"uael-infobox-text-wrap\">\n\t\t\t\t<div class=\"uael-infobox-text elementor-inline-editing\" data-elementor-setting-key=\"infobox_description\" data-elementor-inline-editing-toolbar=\"advanced\">\n\t\t\t\t\t<p>Las bolsas de llenado r\u00e1pido vienen con orificios de drenaje precortados. La propia bolsa puede actuar como maceta. A\u00f1adiendo agua se hidrata la fibra de coco. <\/p>\t\t\t\t<\/div>\n\t\t\t\t\t\n\t\t\t\t\t\t\t<div class=\"uael-button-wrapper elementor-button-wrapper\">\n\t\t\t\t<a href=\"https:\/\/tropicoirlanka.com\/products\/diverse-range-of-professional-products\/quick-fill-bags\/\" class=\"elementor-button-link  elementor-button elementor-size-sm\">\n\t\t\t\t\t\t\t<span class=\"elementor-button-content-wrapper\">\n\t\t\t\t\t\t\t\t\t\t\t\t\t\t\t\t<span class=\"elementor-align-icon-right elementor-button-icon\">\n\t\t\t\t\t\t\t\t\t\t\t<\/span>\n\t\t\t\t\t\t\t\n\t\t\t<span class=\"elementor-button-text elementor-inline-editing\"  data-elementor-setting-key=\"infobox_button_text\" data-elementor-inline-editing-toolbar=\"none\"><span>Leer m\u00e1s<\/span><\/span>\n\t\t<\/span>\n\t\t\t\t\t\t<\/a>\n\t\t\t<\/div>\n\t\t\t\t\t\t<\/div>\n\t\t<\/div>\n\t\t\t<\/div>\n<\/div>\n\t\t<\/div>\n\t\t\t\t<\/div>\n\t\t\t\t\t<\/div>\n\t\t<\/div>\n\t\t\t\t<div class=\"elementor-column elementor-col-25 elementor-top-column elementor-element elementor-element-9750602\" data-id=\"9750602\" data-element_type=\"column\">\n\t\t\t<div class=\"elementor-widget-wrap elementor-element-populated\">\n\t\t\t\t\t\t<div class=\"elementor-element elementor-element-f6881a6 elementor-widget elementor-widget-uael-infobox\" data-id=\"f6881a6\" data-element_type=\"widget\" data-widget_type=\"uael-infobox.default\">\n\t\t\t\t<div class=\"elementor-widget-container\">\n\t\t\t\n<div class=\"uael-module-content uael-infobox uael-imgicon-style-custom  infobox-has-photo uael-infobox-photo-above-title  uael-infobox-link-type-button\">\n\t<div class=\"uael-infobox-left-right-wrap\">\n\t\t\t\t\t\t<div class=\"uael-infobox-content\">\n\t\t\t\t\t\t\t<div class=\"uael-module-content uael-imgicon-wrap\">\t\t\t\t\t\t\t\t\t\t\t\n\t\t\t\t\t\t\t\t\t\t\t\t\t\t\t\t<div class=\"uael-image\" itemscope itemtype=\"http:\/\/schema.org\/ImageObject\">\n\t\t\t\t\t\t\t<div class=\"uael-image-content elementor-animation-\">\n\t\t\t\t\t\t\t\t<img decoding=\"async\" width=\"2560\" height=\"1707\" src=\"https:\/\/tropicoirlanka.com\/wp-content\/uploads\/2024\/01\/Propergation-Cubes-scaled.jpg\" class=\"attachment-full size-full wp-image-1722\" alt=\"\" srcset=\"https:\/\/tropicoirlanka.com\/wp-content\/uploads\/2024\/01\/Propergation-Cubes-scaled.jpg 2560w, https:\/\/tropicoirlanka.com\/wp-content\/uploads\/2024\/01\/Propergation-Cubes-300x200.jpg 300w, https:\/\/tropicoirlanka.com\/wp-content\/uploads\/2024\/01\/Propergation-Cubes-1024x683.jpg 1024w, https:\/\/tropicoirlanka.com\/wp-content\/uploads\/2024\/01\/Propergation-Cubes-768x512.jpg 768w, https:\/\/tropicoirlanka.com\/wp-content\/uploads\/2024\/01\/Propergation-Cubes-1536x1024.jpg 1536w, https:\/\/tropicoirlanka.com\/wp-content\/uploads\/2024\/01\/Propergation-Cubes-2048x1365.jpg 2048w\" sizes=\"(max-width: 2560px) 100vw, 2560px\" \/>\t\t\t\t\t\t\t<\/div>\n\t\t\t\t\t\t<\/div>\n\n\t\t\t\t\t\t\t\t\t<\/div>\n\t\t\t\t\t\t\t<div class='uael-infobox-title-wrap'><h4 class=\"uael-infobox-title elementor-inline-editing\" data-elementor-setting-key=\"infobox_title\" data-elementor-inline-editing-toolbar=\"basic\" >Propagation Cubes <\/h4><\/div>\t\t\t\t\t\t\t\t\t<div class=\"uael-infobox-text-wrap\">\n\t\t\t\t<div class=\"uael-infobox-text elementor-inline-editing\" data-elementor-setting-key=\"infobox_description\" data-elementor-inline-editing-toolbar=\"advanced\">\n\t\t\t\t\tEl producto hecho a medida ideal para usar en viveros de plantas, fabricado con material 100% compostable. \t\t\t\t<\/div>\n\t\t\t\t\t\n\t\t\t\t\t\t\t<div class=\"uael-button-wrapper elementor-button-wrapper\">\n\t\t\t\t<a href=\"https:\/\/tropicoirlanka.com\/products\/diverse-range-of-professional-products\/propagation-cubes\/\" class=\"elementor-button-link  elementor-button elementor-size-sm\">\n\t\t\t\t\t\t\t<span class=\"elementor-button-content-wrapper\">\n\t\t\t\t\t\t\t\t\t\t\t\t\t\t\t\t<span class=\"elementor-align-icon-right elementor-button-icon\">\n\t\t\t\t\t\t\t\t\t\t\t<\/span>\n\t\t\t\t\t\t\t\n\t\t\t<span class=\"elementor-button-text elementor-inline-editing\"  data-elementor-setting-key=\"infobox_button_text\" data-elementor-inline-editing-toolbar=\"none\"><span>Leer m\u00e1s<\/span><\/span>\n\t\t<\/span>\n\t\t\t\t\t\t<\/a>\n\t\t\t<\/div>\n\t\t\t\t\t\t<\/div>\n\t\t<\/div>\n\t\t\t<\/div>\n<\/div>\n\t\t<\/div>\n\t\t\t\t<\/div>\n\t\t\t\t\t<\/div>\n\t\t<\/div>\n\t\t\t\t<div class=\"elementor-column elementor-col-25 elementor-top-column elementor-element elementor-element-ec71eee\" data-id=\"ec71eee\" data-element_type=\"column\">\n\t\t\t<div class=\"elementor-widget-wrap elementor-element-populated\">\n\t\t\t\t\t\t<div class=\"elementor-element elementor-element-b07f84a elementor-widget elementor-widget-uael-infobox\" data-id=\"b07f84a\" data-element_type=\"widget\" data-widget_type=\"uael-infobox.default\">\n\t\t\t\t<div class=\"elementor-widget-container\">\n\t\t\t\n<div class=\"uael-module-content uael-infobox uael-imgicon-style-custom  infobox-has-photo uael-infobox-photo-above-title  uael-infobox-link-type-button\">\n\t<div class=\"uael-infobox-left-right-wrap\">\n\t\t\t\t\t\t<div class=\"uael-infobox-content\">\n\t\t\t\t\t\t\t<div class=\"uael-module-content uael-imgicon-wrap\">\t\t\t\t\t\t\t\t\t\t\t\n\t\t\t\t\t\t\t\t\t\t\t\t\t\t\t\t<div class=\"uael-image\" itemscope itemtype=\"http:\/\/schema.org\/ImageObject\">\n\t\t\t\t\t\t\t<div class=\"uael-image-content elementor-animation-\">\n\t\t\t\t\t\t\t\t<img loading=\"lazy\" decoding=\"async\" width=\"388\" height=\"280\" src=\"https:\/\/tropicoirlanka.com\/wp-content\/uploads\/2023\/12\/weed-mats-1.png\" class=\"attachment-full size-full wp-image-88\" alt=\"\" srcset=\"https:\/\/tropicoirlanka.com\/wp-content\/uploads\/2023\/12\/weed-mats-1.png 388w, https:\/\/tropicoirlanka.com\/wp-content\/uploads\/2023\/12\/weed-mats-1-300x216.png 300w\" sizes=\"(max-width: 388px) 100vw, 388px\" \/>\t\t\t\t\t\t\t<\/div>\n\t\t\t\t\t\t<\/div>\n\n\t\t\t\t\t\t\t\t\t<\/div>\n\t\t\t\t\t\t\t<div class='uael-infobox-title-wrap'><h4 class=\"uael-infobox-title elementor-inline-editing\" data-elementor-setting-key=\"infobox_title\" data-elementor-inline-editing-toolbar=\"basic\" >Weed Mats <\/h4><\/div>\t\t\t\t\t\t\t\t\t<div class=\"uael-infobox-text-wrap\">\n\t\t\t\t<div class=\"uael-infobox-text elementor-inline-editing\" data-elementor-setting-key=\"infobox_description\" data-elementor-inline-editing-toolbar=\"advanced\">\n\t\t\t\t\tLa soluci\u00f3n m\u00e1s natural y respetuosa con el medio ambiente para suprimir las malas hierbas en la etapa de crecimiento de las plantas j\u00f3venes. \t\t\t\t<\/div>\n\t\t\t\t\t\n\t\t\t\t\t\t\t<div class=\"uael-button-wrapper elementor-button-wrapper\">\n\t\t\t\t<a href=\"https:\/\/tropicoirlanka.com\/products\/diverse-range-of-professional-products\/weed-mats\/\" class=\"elementor-button-link  elementor-button elementor-size-sm\">\n\t\t\t\t\t\t\t<span class=\"elementor-button-content-wrapper\">\n\t\t\t\t\t\t\t\t\t\t\t\t\t\t\t\t<span class=\"elementor-align-icon-right elementor-button-icon\">\n\t\t\t\t\t\t\t\t\t\t\t<\/span>\n\t\t\t\t\t\t\t\n\t\t\t<span class=\"elementor-button-text elementor-inline-editing\"  data-elementor-setting-key=\"infobox_button_text\" data-elementor-inline-editing-toolbar=\"none\"><span>Leer m\u00e1s<\/span><\/span>\n\t\t<\/span>\n\t\t\t\t\t\t<\/a>\n\t\t\t<\/div>\n\t\t\t\t\t\t<\/div>\n\t\t<\/div>\n\t\t\t<\/div>\n<\/div>\n\t\t<\/div>\n\t\t\t\t<\/div>\n\t\t\t\t\t<\/div>\n\t\t<\/div>\n\t\t\t\t\t<\/div>\n\t\t<\/section>\n\t\t\t\t<\/div>","protected":false},"excerpt":{"rendered":"<p>Compressed Bags The ultimate product for commercial growers in marketing their own potting mixtures. Its low compression ratio makes it so easily converted into ready-to-use loose material, without even adding water. The bag comes in 02 major varieties, Coco Peat and Coco Chips substrates. Product Loading method Quantity per 40\u2019 HC Cocopeat Free loaded 656 [&hellip;]<\/p>","protected":false},"author":2,"featured_media":0,"parent":316,"menu_order":0,"comment_status":"closed","ping_status":"closed","template":"elementor_header_footer","meta":{"footnotes":""},"class_list":["post-300","page","type-page","status-publish","hentry"],"_links":{"self":[{"href":"https:\/\/tropicoirlanka.com\/es\/wp-json\/wp\/v2\/pages\/300","targetHints":{"allow":["GET"]}}],"collection":[{"href":"https:\/\/tropicoirlanka.com\/es\/wp-json\/wp\/v2\/pages"}],"about":[{"href":"https:\/\/tropicoirlanka.com\/es\/wp-json\/wp\/v2\/types\/page"}],"author":[{"embeddable":true,"href":"https:\/\/tropicoirlanka.com\/es\/wp-json\/wp\/v2\/users\/2"}],"replies":[{"embeddable":true,"href":"https:\/\/tropicoirlanka.com\/es\/wp-json\/wp\/v2\/comments?post=300"}],"version-history":[{"count":73,"href":"https:\/\/tropicoirlanka.com\/es\/wp-json\/wp\/v2\/pages\/300\/revisions"}],"predecessor-version":[{"id":3592,"href":"https:\/\/tropicoirlanka.com\/es\/wp-json\/wp\/v2\/pages\/300\/revisions\/3592"}],"up":[{"embeddable":true,"href":"https:\/\/tropicoirlanka.com\/es\/wp-json\/wp\/v2\/pages\/316"}],"wp:attachment":[{"href":"https:\/\/tropicoirlanka.com\/es\/wp-json\/wp\/v2\/media?parent=300"}],"curies":[{"name":"wp","href":"https:\/\/api.w.org\/{rel}","templated":true}]}}