{"id":330,"date":"2024-01-16T07:33:43","date_gmt":"2024-01-16T07:33:43","guid":{"rendered":"https:\/\/avradesign.com\/tropi\/?page_id=330"},"modified":"2024-02-05T03:55:56","modified_gmt":"2024-02-05T03:55:56","slug":"hobby-garden","status":"publish","type":"page","link":"https:\/\/tropicoirlanka.com\/es\/products\/diverse-range-of-home-and-garden-products\/hobby-garden\/","title":{"rendered":"Hobby Garden"},"content":{"rendered":"<div data-elementor-type=\"wp-page\" data-elementor-id=\"330\" class=\"elementor elementor-330\" data-elementor-post-type=\"page\">\n\t\t\t\t\t\t<section data-particle_enable=\"false\" data-particle-mobile-disabled=\"false\" class=\"elementor-section elementor-top-section elementor-element elementor-element-ed8352c elementor-section-height-min-height elementor-section-full_width elementor-section-items-stretch elementor-section-height-default\" data-id=\"ed8352c\" data-element_type=\"section\" data-settings=\"{&quot;background_background&quot;:&quot;classic&quot;}\">\n\t\t\t\t\t\t\t<div class=\"elementor-background-overlay\"><\/div>\n\t\t\t\t\t\t\t<div class=\"elementor-container elementor-column-gap-extended\">\n\t\t\t\t\t<div class=\"elementor-column elementor-col-50 elementor-top-column elementor-element elementor-element-2fc3c75 elementor-hidden-mobile\" data-id=\"2fc3c75\" data-element_type=\"column\">\n\t\t\t<div class=\"elementor-widget-wrap\">\n\t\t\t\t\t\t\t<\/div>\n\t\t<\/div>\n\t\t\t\t<div class=\"elementor-column elementor-col-50 elementor-top-column elementor-element elementor-element-24206bc\" data-id=\"24206bc\" data-element_type=\"column\">\n\t\t\t<div class=\"elementor-widget-wrap elementor-element-populated\">\n\t\t\t\t\t\t<div class=\"elementor-element elementor-element-b56c197 elementor-widget__width-initial animated-slow elementor-invisible elementor-widget elementor-widget-heading\" data-id=\"b56c197\" data-element_type=\"widget\" data-settings=\"{&quot;_animation&quot;:&quot;fadeInUp&quot;}\" data-widget_type=\"heading.default\">\n\t\t\t\t<div class=\"elementor-widget-container\">\n\t\t\t<h2 class=\"elementor-heading-title elementor-size-default\">Hobby Garden<\/h2>\t\t<\/div>\n\t\t\t\t<\/div>\n\t\t\t\t\t<\/div>\n\t\t<\/div>\n\t\t\t\t\t<\/div>\n\t\t<\/section>\n\t\t\t\t<section data-particle_enable=\"false\" data-particle-mobile-disabled=\"false\" class=\"elementor-section elementor-top-section elementor-element elementor-element-ae27ea9 elementor-section-boxed elementor-section-height-default elementor-section-height-default\" data-id=\"ae27ea9\" data-element_type=\"section\">\n\t\t\t\t\t\t<div class=\"elementor-container elementor-column-gap-default\">\n\t\t\t\t\t<div class=\"elementor-column elementor-col-100 elementor-top-column elementor-element elementor-element-aaf5be6\" data-id=\"aaf5be6\" data-element_type=\"column\">\n\t\t\t<div class=\"elementor-widget-wrap elementor-element-populated\">\n\t\t\t\t\t\t<section data-particle_enable=\"false\" data-particle-mobile-disabled=\"false\" class=\"elementor-section elementor-inner-section elementor-element elementor-element-38b70b3 elementor-section-boxed elementor-section-height-default elementor-section-height-default\" data-id=\"38b70b3\" data-element_type=\"section\">\n\t\t\t\t\t\t<div class=\"elementor-container elementor-column-gap-default\">\n\t\t\t\t\t<div class=\"elementor-column elementor-col-50 elementor-inner-column elementor-element elementor-element-0b84625\" data-id=\"0b84625\" data-element_type=\"column\">\n\t\t\t<div class=\"elementor-widget-wrap elementor-element-populated\">\n\t\t\t\t\t\t<div class=\"elementor-element elementor-element-96de099 elementor-arrows-position-inside elementor-pagination-position-outside elementor-widget elementor-widget-image-carousel\" data-id=\"96de099\" data-element_type=\"widget\" data-settings=\"{&quot;slides_to_show&quot;:&quot;1&quot;,&quot;navigation&quot;:&quot;both&quot;,&quot;autoplay&quot;:&quot;yes&quot;,&quot;pause_on_hover&quot;:&quot;yes&quot;,&quot;pause_on_interaction&quot;:&quot;yes&quot;,&quot;autoplay_speed&quot;:5000,&quot;infinite&quot;:&quot;yes&quot;,&quot;effect&quot;:&quot;slide&quot;,&quot;speed&quot;:500}\" data-widget_type=\"image-carousel.default\">\n\t\t\t\t<div class=\"elementor-widget-container\">\n\t\t\t\t\t<div class=\"elementor-image-carousel-wrapper swiper\" dir=\"ltr\">\n\t\t\t<div class=\"elementor-image-carousel swiper-wrapper swiper-image-stretch\" aria-live=\"off\">\n\t\t\t\t\t\t\t\t<div class=\"swiper-slide\" role=\"group\" aria-roledescription=\"slide\" aria-label=\"1 de 2\"><figure class=\"swiper-slide-inner\"><img decoding=\"async\" class=\"swiper-slide-image\" src=\"https:\/\/tropicoirlanka.com\/wp-content\/uploads\/2024\/01\/Hobby-Garden-1-scaled.jpg\" alt=\"Hobby-Garden\" \/><\/figure><\/div><div class=\"swiper-slide\" role=\"group\" aria-roledescription=\"slide\" aria-label=\"2 de 2\"><figure class=\"swiper-slide-inner\"><img decoding=\"async\" class=\"swiper-slide-image\" src=\"https:\/\/tropicoirlanka.com\/wp-content\/uploads\/2024\/02\/Hobby-Garden.jpg\" alt=\"Hobby-Garden\" \/><\/figure><\/div>\t\t\t<\/div>\n\t\t\t\t\t\t\t\t\t\t\t\t<div class=\"elementor-swiper-button elementor-swiper-button-prev\" role=\"button\" tabindex=\"0\">\n\t\t\t\t\t\t<svg aria-hidden=\"true\" class=\"e-font-icon-svg e-eicon-chevron-left\" viewbox=\"0 0 1000 1000\" xmlns=\"http:\/\/www.w3.org\/2000\/svg\"><path d=\"M646 125C629 125 613 133 604 142L308 442C296 454 292 471 292 487 292 504 296 521 308 533L604 854C617 867 629 875 646 875 663 875 679 871 692 858 704 846 713 829 713 812 713 796 708 779 692 767L438 487 692 225C700 217 708 204 708 187 708 171 704 154 692 142 675 129 663 125 646 125Z\"><\/path><\/svg>\t\t\t\t\t<\/div>\n\t\t\t\t\t<div class=\"elementor-swiper-button elementor-swiper-button-next\" role=\"button\" tabindex=\"0\">\n\t\t\t\t\t\t<svg aria-hidden=\"true\" class=\"e-font-icon-svg e-eicon-chevron-right\" viewbox=\"0 0 1000 1000\" xmlns=\"http:\/\/www.w3.org\/2000\/svg\"><path d=\"M696 533C708 521 713 504 713 487 713 471 708 454 696 446L400 146C388 133 375 125 354 125 338 125 325 129 313 142 300 154 292 171 292 187 292 204 296 221 308 233L563 492 304 771C292 783 288 800 288 817 288 833 296 850 308 863 321 871 338 875 354 875 371 875 388 867 400 854L696 533Z\"><\/path><\/svg>\t\t\t\t\t<\/div>\n\t\t\t\t\n\t\t\t\t\t\t\t\t\t<div class=\"swiper-pagination\"><\/div>\n\t\t\t\t\t\t\t\t\t<\/div>\n\t\t\t\t<\/div>\n\t\t\t\t<\/div>\n\t\t\t\t\t<\/div>\n\t\t<\/div>\n\t\t\t\t<div class=\"elementor-column elementor-col-50 elementor-inner-column elementor-element elementor-element-d8bca94\" data-id=\"d8bca94\" data-element_type=\"column\">\n\t\t\t<div class=\"elementor-widget-wrap elementor-element-populated\">\n\t\t\t\t\t\t<div class=\"elementor-element elementor-element-3fa3f9a animated-slow elementor-invisible elementor-widget elementor-widget-text-editor\" data-id=\"3fa3f9a\" data-element_type=\"widget\" data-settings=\"{&quot;_animation&quot;:&quot;fadeIn&quot;}\" data-widget_type=\"text-editor.default\">\n\t\t\t\t<div class=\"elementor-widget-container\">\n\t\t\t\t\t\t\t<h6 style=\"text-align: left;\">Este producto transformar\u00e1 su terraza, balc\u00f3n o jardinera en un jard\u00edn en miniatura mientras le permite disfrutar de su pasatiempo favorito; jardiner\u00eda.<\/h6><p>\u00a0<\/p><p>Producto preferido por los jardineros que aman la cosecha propia en la mesa de la cocina. El dise\u00f1o cuidadosamente pensado har\u00e1 que su c\u00e9sped parezca un jard\u00edn de dise\u00f1o. Producto ideal para jardineros con \u00e1reas de jardiner\u00eda limitadas o en balcones.<\/p><h6><span style=\"color: #86a900;\">tipo de material<\/span><\/h6><ul><li>Turba de coco est\u00e1ndar mezclada con fertilizante de liberaci\u00f3n lenta<\/li><\/ul><h6><span style=\"color: #86a900;\">Dimensi\u00f3n<\/span><\/h6><ul><li>Tama\u00f1o est\u00e1ndar 48 x 19 x 8 cm (una vez ampliado) o<\/li><li>Tambi\u00e9n se puede fabricar a medida seg\u00fan los requisitos del cliente.<\/li><\/ul><h6><span style=\"color: #86a900;\">Embalaje<\/span><\/h6><ul><li>Cada losa se embalar\u00e1 en bolsas impresas coextruidas y se apilar\u00e1 en pal\u00e9s.<\/li><\/ul><h6><span style=\"color: #86a900;\">Capacidad de carga \u2013<\/span><\/h6><ul><li>Aprox. 25.000 unidades para un contenedor High Cube de 40 pies<\/li><\/ul>\t\t\t\t\t\t<\/div>\n\t\t\t\t<\/div>\n\t\t\t\t\t<\/div>\n\t\t<\/div>\n\t\t\t\t\t<\/div>\n\t\t<\/section>\n\t\t\t\t<section data-particle_enable=\"false\" data-particle-mobile-disabled=\"false\" class=\"elementor-section elementor-inner-section elementor-element elementor-element-ae89759 elementor-section-boxed elementor-section-height-default elementor-section-height-default\" data-id=\"ae89759\" data-element_type=\"section\">\n\t\t\t\t\t\t<div class=\"elementor-container elementor-column-gap-default\">\n\t\t\t\t\t<div class=\"elementor-column elementor-col-100 elementor-inner-column elementor-element elementor-element-b064a25\" data-id=\"b064a25\" data-element_type=\"column\">\n\t\t\t<div class=\"elementor-widget-wrap\">\n\t\t\t\t\t\t\t<\/div>\n\t\t<\/div>\n\t\t\t\t\t<\/div>\n\t\t<\/section>\n\t\t\t\t\t<\/div>\n\t\t<\/div>\n\t\t\t\t\t<\/div>\n\t\t<\/section>\n\t\t\t\t<section data-particle_enable=\"false\" data-particle-mobile-disabled=\"false\" class=\"elementor-section elementor-top-section elementor-element elementor-element-dcbdb1f elementor-section-boxed elementor-section-height-default elementor-section-height-default\" data-id=\"dcbdb1f\" data-element_type=\"section\">\n\t\t\t\t\t\t<div class=\"elementor-container elementor-column-gap-default\">\n\t\t\t\t\t<div class=\"elementor-column elementor-col-100 elementor-top-column elementor-element elementor-element-4f3a034\" data-id=\"4f3a034\" data-element_type=\"column\">\n\t\t\t<div class=\"elementor-widget-wrap elementor-element-populated\">\n\t\t\t\t\t\t<div class=\"elementor-element elementor-element-8fa84d2 elementor-widget elementor-widget-heading\" data-id=\"8fa84d2\" data-element_type=\"widget\" data-widget_type=\"heading.default\">\n\t\t\t\t<div class=\"elementor-widget-container\">\n\t\t\t<h2 class=\"elementor-heading-title elementor-size-default\">Productos relacionados<\/h2>\t\t<\/div>\n\t\t\t\t<\/div>\n\t\t\t\t\t<\/div>\n\t\t<\/div>\n\t\t\t\t\t<\/div>\n\t\t<\/section>\n\t\t\t\t<section data-particle_enable=\"false\" data-particle-mobile-disabled=\"false\" class=\"elementor-section elementor-top-section elementor-element elementor-element-2026ecd elementor-section-boxed elementor-section-height-default elementor-section-height-default\" data-id=\"2026ecd\" data-element_type=\"section\">\n\t\t\t\t\t\t<div class=\"elementor-container elementor-column-gap-default\">\n\t\t\t\t\t<div class=\"elementor-column elementor-col-25 elementor-top-column elementor-element elementor-element-ca1d718\" data-id=\"ca1d718\" data-element_type=\"column\">\n\t\t\t<div class=\"elementor-widget-wrap elementor-element-populated\">\n\t\t\t\t\t\t<div class=\"elementor-element elementor-element-4eae4a1 elementor-widget elementor-widget-uael-infobox\" data-id=\"4eae4a1\" data-element_type=\"widget\" data-widget_type=\"uael-infobox.default\">\n\t\t\t\t<div class=\"elementor-widget-container\">\n\t\t\t\n<div class=\"uael-module-content uael-infobox uael-imgicon-style-custom  infobox-has-photo uael-infobox-photo-above-title  uael-infobox-link-type-button\">\n\t<div class=\"uael-infobox-left-right-wrap\">\n\t\t\t\t\t\t<div class=\"uael-infobox-content\">\n\t\t\t\t\t\t\t<div class=\"uael-module-content uael-imgicon-wrap\">\t\t\t\t\t\t\t\t\t\t\t\n\t\t\t\t\t\t\t\t\t\t\t\t\t\t\t\t<div class=\"uael-image\" itemscope itemtype=\"http:\/\/schema.org\/ImageObject\">\n\t\t\t\t\t\t\t<div class=\"uael-image-content elementor-animation-\">\n\t\t\t\t\t\t\t\t<img fetchpriority=\"high\" decoding=\"async\" width=\"2560\" height=\"1707\" src=\"https:\/\/tropicoirlanka.com\/wp-content\/uploads\/2024\/01\/Easy-Carry-Coco-Blocks-new-scaled.jpg\" class=\"attachment-full size-full wp-image-1735\" alt=\"Easy-Carry-Coco-Blocks\" srcset=\"https:\/\/tropicoirlanka.com\/wp-content\/uploads\/2024\/01\/Easy-Carry-Coco-Blocks-new-scaled.jpg 2560w, https:\/\/tropicoirlanka.com\/wp-content\/uploads\/2024\/01\/Easy-Carry-Coco-Blocks-new-300x200.jpg 300w, https:\/\/tropicoirlanka.com\/wp-content\/uploads\/2024\/01\/Easy-Carry-Coco-Blocks-new-1024x683.jpg 1024w, https:\/\/tropicoirlanka.com\/wp-content\/uploads\/2024\/01\/Easy-Carry-Coco-Blocks-new-768x512.jpg 768w, https:\/\/tropicoirlanka.com\/wp-content\/uploads\/2024\/01\/Easy-Carry-Coco-Blocks-new-1536x1024.jpg 1536w, https:\/\/tropicoirlanka.com\/wp-content\/uploads\/2024\/01\/Easy-Carry-Coco-Blocks-new-2048x1365.jpg 2048w\" sizes=\"(max-width: 2560px) 100vw, 2560px\" \/>\t\t\t\t\t\t\t<\/div>\n\t\t\t\t\t\t<\/div>\n\n\t\t\t\t\t\t\t\t\t<\/div>\n\t\t\t\t\t\t\t<div class='uael-infobox-title-wrap'><h4 class=\"uael-infobox-title elementor-inline-editing\" data-elementor-setting-key=\"infobox_title\" data-elementor-inline-editing-toolbar=\"basic\" >Easy Carry Coco Blocks<\/h4><\/div>\t\t\t\t\t\t\t\t\t<div class=\"uael-infobox-text-wrap\">\n\t\t\t\t<div class=\"uael-infobox-text elementor-inline-editing\" data-elementor-setting-key=\"infobox_description\" data-elementor-inline-editing-toolbar=\"advanced\">\n\t\t\t\t\tEl producto m\u00e1s econ\u00f3mico para el transporte en contenedores. Los bloques se pueden reconstituir a\u00f1adiendo agua. \t\t\t\t<\/div>\n\t\t\t\t\t\n\t\t\t\t\t\t\t<div class=\"uael-button-wrapper elementor-button-wrapper\">\n\t\t\t\t<a href=\"https:\/\/tropicoirlanka.com\/products\/diverse-range-of-home-and-garden-products\/easy-carry-coco-blocks\/\" class=\"elementor-button-link  elementor-button elementor-size-sm\">\n\t\t\t\t\t\t\t<span class=\"elementor-button-content-wrapper\">\n\t\t\t\t\t\t\t\t\t\t\t\t\t\t\t\t<span class=\"elementor-align-icon-right elementor-button-icon\">\n\t\t\t\t\t\t\t\t\t\t\t<\/span>\n\t\t\t\t\t\t\t\n\t\t\t<span class=\"elementor-button-text elementor-inline-editing\"  data-elementor-setting-key=\"infobox_button_text\" data-elementor-inline-editing-toolbar=\"none\"><span>Leer m\u00e1s<\/span><\/span>\n\t\t<\/span>\n\t\t\t\t\t\t<\/a>\n\t\t\t<\/div>\n\t\t\t\t\t\t<\/div>\n\t\t<\/div>\n\t\t\t<\/div>\n<\/div>\n\t\t<\/div>\n\t\t\t\t<\/div>\n\t\t\t\t\t<\/div>\n\t\t<\/div>\n\t\t\t\t<div class=\"elementor-column elementor-col-25 elementor-top-column elementor-element elementor-element-3e148e2\" data-id=\"3e148e2\" data-element_type=\"column\">\n\t\t\t<div class=\"elementor-widget-wrap elementor-element-populated\">\n\t\t\t\t\t\t<div class=\"elementor-element elementor-element-aa9a6da elementor-widget elementor-widget-uael-infobox\" data-id=\"aa9a6da\" data-element_type=\"widget\" data-widget_type=\"uael-infobox.default\">\n\t\t\t\t<div class=\"elementor-widget-container\">\n\t\t\t\n<div class=\"uael-module-content uael-infobox uael-imgicon-style-custom  infobox-has-photo uael-infobox-photo-above-title  uael-infobox-link-type-button\">\n\t<div class=\"uael-infobox-left-right-wrap\">\n\t\t\t\t\t\t<div class=\"uael-infobox-content\">\n\t\t\t\t\t\t\t<div class=\"uael-module-content uael-imgicon-wrap\">\t\t\t\t\t\t\t\t\t\t\t\n\t\t\t\t\t\t\t\t\t\t\t\t\t\t\t\t<div class=\"uael-image\" itemscope itemtype=\"http:\/\/schema.org\/ImageObject\">\n\t\t\t\t\t\t\t<div class=\"uael-image-content elementor-animation-\">\n\t\t\t\t\t\t\t\t<img decoding=\"async\" width=\"2560\" height=\"1707\" src=\"https:\/\/tropicoirlanka.com\/wp-content\/uploads\/2024\/01\/pots-scaled.jpg\" class=\"attachment-full size-full wp-image-1736\" alt=\"coco pots\" srcset=\"https:\/\/tropicoirlanka.com\/wp-content\/uploads\/2024\/01\/pots-scaled.jpg 2560w, https:\/\/tropicoirlanka.com\/wp-content\/uploads\/2024\/01\/pots-300x200.jpg 300w, https:\/\/tropicoirlanka.com\/wp-content\/uploads\/2024\/01\/pots-1024x683.jpg 1024w, https:\/\/tropicoirlanka.com\/wp-content\/uploads\/2024\/01\/pots-768x512.jpg 768w, https:\/\/tropicoirlanka.com\/wp-content\/uploads\/2024\/01\/pots-1536x1024.jpg 1536w, https:\/\/tropicoirlanka.com\/wp-content\/uploads\/2024\/01\/pots-2048x1365.jpg 2048w\" sizes=\"(max-width: 2560px) 100vw, 2560px\" \/>\t\t\t\t\t\t\t<\/div>\n\t\t\t\t\t\t<\/div>\n\n\t\t\t\t\t\t\t\t\t<\/div>\n\t\t\t\t\t\t\t<div class='uael-infobox-title-wrap'><h4 class=\"uael-infobox-title elementor-inline-editing\" data-elementor-setting-key=\"infobox_title\" data-elementor-inline-editing-toolbar=\"basic\" >Coir pots<\/h4><\/div>\t\t\t\t\t\t\t\t\t<div class=\"uael-infobox-text-wrap\">\n\t\t\t\t<div class=\"uael-infobox-text elementor-inline-editing\" data-elementor-setting-key=\"infobox_description\" data-elementor-inline-editing-toolbar=\"advanced\">\n\t\t\t\t\t<p>Hechas de fibra de coco, las macetas de fibra de coco se comprimen a m\u00e1quina y vienen en varios tama\u00f1os personalizados para las aplicaciones del cliente.<br><\/p>\t\t\t\t<\/div>\n\t\t\t\t\t\n\t\t\t\t\t\t\t<div class=\"uael-button-wrapper elementor-button-wrapper\">\n\t\t\t\t<a href=\"https:\/\/tropicoirlanka.com\/products\/diverse-range-of-home-and-garden-products\/coir-pots\/\" class=\"elementor-button-link  elementor-button elementor-size-sm\">\n\t\t\t\t\t\t\t<span class=\"elementor-button-content-wrapper\">\n\t\t\t\t\t\t\t\t\t\t\t\t\t\t\t\t<span class=\"elementor-align-icon-right elementor-button-icon\">\n\t\t\t\t\t\t\t\t\t\t\t<\/span>\n\t\t\t\t\t\t\t\n\t\t\t<span class=\"elementor-button-text elementor-inline-editing\"  data-elementor-setting-key=\"infobox_button_text\" data-elementor-inline-editing-toolbar=\"none\"><span>Leer m\u00e1s<\/span><\/span>\n\t\t<\/span>\n\t\t\t\t\t\t<\/a>\n\t\t\t<\/div>\n\t\t\t\t\t\t<\/div>\n\t\t<\/div>\n\t\t\t<\/div>\n<\/div>\n\t\t<\/div>\n\t\t\t\t<\/div>\n\t\t\t\t\t<\/div>\n\t\t<\/div>\n\t\t\t\t<div class=\"elementor-column elementor-col-25 elementor-top-column elementor-element elementor-element-cc0e984\" data-id=\"cc0e984\" data-element_type=\"column\">\n\t\t\t<div class=\"elementor-widget-wrap elementor-element-populated\">\n\t\t\t\t\t\t<div class=\"elementor-element elementor-element-fe3480e elementor-widget elementor-widget-uael-infobox\" data-id=\"fe3480e\" data-element_type=\"widget\" data-widget_type=\"uael-infobox.default\">\n\t\t\t\t<div class=\"elementor-widget-container\">\n\t\t\t\n<div class=\"uael-module-content uael-infobox uael-imgicon-style-custom  infobox-has-photo uael-infobox-photo-above-title  uael-infobox-link-type-button\">\n\t<div class=\"uael-infobox-left-right-wrap\">\n\t\t\t\t\t\t<div class=\"uael-infobox-content\">\n\t\t\t\t\t\t\t<div class=\"uael-module-content uael-imgicon-wrap\">\t\t\t\t\t\t\t\t\t\t\t\n\t\t\t\t\t\t\t\t\t\t\t\t\t\t\t\t<div class=\"uael-image\" itemscope itemtype=\"http:\/\/schema.org\/ImageObject\">\n\t\t\t\t\t\t\t<div class=\"uael-image-content elementor-animation-\">\n\t\t\t\t\t\t\t\t<img decoding=\"async\" width=\"2560\" height=\"1707\" src=\"https:\/\/tropicoirlanka.com\/wp-content\/uploads\/2024\/01\/Home-Pack-scaled-1.jpg\" class=\"attachment-full size-full wp-image-2774\" alt=\"\" srcset=\"https:\/\/tropicoirlanka.com\/wp-content\/uploads\/2024\/01\/Home-Pack-scaled-1.jpg 2560w, https:\/\/tropicoirlanka.com\/wp-content\/uploads\/2024\/01\/Home-Pack-scaled-1-300x200.jpg 300w, https:\/\/tropicoirlanka.com\/wp-content\/uploads\/2024\/01\/Home-Pack-scaled-1-1024x683.jpg 1024w, https:\/\/tropicoirlanka.com\/wp-content\/uploads\/2024\/01\/Home-Pack-scaled-1-768x512.jpg 768w, https:\/\/tropicoirlanka.com\/wp-content\/uploads\/2024\/01\/Home-Pack-scaled-1-1536x1024.jpg 1536w, https:\/\/tropicoirlanka.com\/wp-content\/uploads\/2024\/01\/Home-Pack-scaled-1-2048x1366.jpg 2048w\" sizes=\"(max-width: 2560px) 100vw, 2560px\" \/>\t\t\t\t\t\t\t<\/div>\n\t\t\t\t\t\t<\/div>\n\n\t\t\t\t\t\t\t\t\t<\/div>\n\t\t\t\t\t\t\t<div class='uael-infobox-title-wrap'><h4 class=\"uael-infobox-title elementor-inline-editing\" data-elementor-setting-key=\"infobox_title\" data-elementor-inline-editing-toolbar=\"basic\" >Home Pack<\/h4><\/div>\t\t\t\t\t\t\t\t\t<div class=\"uael-infobox-text-wrap\">\n\t\t\t\t<div class=\"uael-infobox-text elementor-inline-editing\" data-elementor-setting-key=\"infobox_description\" data-elementor-inline-editing-toolbar=\"advanced\">\n\t\t\t\t\tLa tierra para macetas contiene una mezcla cuidadosamente seleccionada de nutrientes que nutre su planta durante varios meses. \t\t\t\t<\/div>\n\t\t\t\t\t\n\t\t\t\t\t\t\t<div class=\"uael-button-wrapper elementor-button-wrapper\">\n\t\t\t\t<a href=\"https:\/\/tropicoirlanka.com\/products\/diverse-range-of-home-and-garden-products\/home-pack\/\" class=\"elementor-button-link  elementor-button elementor-size-sm\">\n\t\t\t\t\t\t\t<span class=\"elementor-button-content-wrapper\">\n\t\t\t\t\t\t\t\t\t\t\t\t\t\t\t\t<span class=\"elementor-align-icon-right elementor-button-icon\">\n\t\t\t\t\t\t\t\t\t\t\t<\/span>\n\t\t\t\t\t\t\t\n\t\t\t<span class=\"elementor-button-text elementor-inline-editing\"  data-elementor-setting-key=\"infobox_button_text\" data-elementor-inline-editing-toolbar=\"none\"><span>Leer m\u00e1s<\/span><\/span>\n\t\t<\/span>\n\t\t\t\t\t\t<\/a>\n\t\t\t<\/div>\n\t\t\t\t\t\t<\/div>\n\t\t<\/div>\n\t\t\t<\/div>\n<\/div>\n\t\t<\/div>\n\t\t\t\t<\/div>\n\t\t\t\t\t<\/div>\n\t\t<\/div>\n\t\t\t\t<div class=\"elementor-column elementor-col-25 elementor-top-column elementor-element elementor-element-446b30d\" data-id=\"446b30d\" data-element_type=\"column\">\n\t\t\t<div class=\"elementor-widget-wrap elementor-element-populated\">\n\t\t\t\t\t\t<div class=\"elementor-element elementor-element-6ae4378 elementor-widget elementor-widget-uael-infobox\" data-id=\"6ae4378\" data-element_type=\"widget\" data-widget_type=\"uael-infobox.default\">\n\t\t\t\t<div class=\"elementor-widget-container\">\n\t\t\t\n<div class=\"uael-module-content uael-infobox uael-imgicon-style-custom  infobox-has-photo uael-infobox-photo-above-title  uael-infobox-link-type-button\">\n\t<div class=\"uael-infobox-left-right-wrap\">\n\t\t\t\t\t\t<div class=\"uael-infobox-content\">\n\t\t\t\t\t\t\t<div class=\"uael-module-content uael-imgicon-wrap\">\t\t\t\t\t\t\t\t\t\t\t\n\t\t\t\t\t\t\t\t\t\t\t\t\t\t\t\t<div class=\"uael-image\" itemscope itemtype=\"http:\/\/schema.org\/ImageObject\">\n\t\t\t\t\t\t\t<div class=\"uael-image-content elementor-animation-\">\n\t\t\t\t\t\t\t\t<img loading=\"lazy\" decoding=\"async\" width=\"2560\" height=\"1707\" src=\"https:\/\/tropicoirlanka.com\/wp-content\/uploads\/2024\/01\/Mulch-scaled.jpg\" class=\"attachment-full size-full wp-image-1739\" alt=\"Coco mulch\" srcset=\"https:\/\/tropicoirlanka.com\/wp-content\/uploads\/2024\/01\/Mulch-scaled.jpg 2560w, https:\/\/tropicoirlanka.com\/wp-content\/uploads\/2024\/01\/Mulch-300x200.jpg 300w, https:\/\/tropicoirlanka.com\/wp-content\/uploads\/2024\/01\/Mulch-1024x683.jpg 1024w, https:\/\/tropicoirlanka.com\/wp-content\/uploads\/2024\/01\/Mulch-768x512.jpg 768w, https:\/\/tropicoirlanka.com\/wp-content\/uploads\/2024\/01\/Mulch-1536x1024.jpg 1536w, https:\/\/tropicoirlanka.com\/wp-content\/uploads\/2024\/01\/Mulch-2048x1365.jpg 2048w\" sizes=\"(max-width: 2560px) 100vw, 2560px\" \/>\t\t\t\t\t\t\t<\/div>\n\t\t\t\t\t\t<\/div>\n\n\t\t\t\t\t\t\t\t\t<\/div>\n\t\t\t\t\t\t\t<div class='uael-infobox-title-wrap'><h4 class=\"uael-infobox-title elementor-inline-editing\" data-elementor-setting-key=\"infobox_title\" data-elementor-inline-editing-toolbar=\"basic\" >Mulch<\/h4><\/div>\t\t\t\t\t\t\t\t\t<div class=\"uael-infobox-text-wrap\">\n\t\t\t\t<div class=\"uael-infobox-text elementor-inline-editing\" data-elementor-setting-key=\"infobox_description\" data-elementor-inline-editing-toolbar=\"advanced\">\n\t\t\t\t\tFunciona como manta para jardines manteniendo la tierra fresca en verano, c\u00e1lida en invierno y h\u00fameda durante todo el a\u00f1o. Producto para todas las estaciones. \t\t\t\t<\/div>\n\t\t\t\t\t\n\t\t\t\t\t\t\t<div class=\"uael-button-wrapper elementor-button-wrapper\">\n\t\t\t\t<a href=\"https:\/\/tropicoirlanka.com\/products\/diverse-range-of-home-and-garden-products\/mulch\/\" class=\"elementor-button-link  elementor-button elementor-size-sm\">\n\t\t\t\t\t\t\t<span class=\"elementor-button-content-wrapper\">\n\t\t\t\t\t\t\t\t\t\t\t\t\t\t\t\t<span class=\"elementor-align-icon-right elementor-button-icon\">\n\t\t\t\t\t\t\t\t\t\t\t<\/span>\n\t\t\t\t\t\t\t\n\t\t\t<span class=\"elementor-button-text elementor-inline-editing\"  data-elementor-setting-key=\"infobox_button_text\" data-elementor-inline-editing-toolbar=\"none\"><span>Leer m\u00e1s<\/span><\/span>\n\t\t<\/span>\n\t\t\t\t\t\t<\/a>\n\t\t\t<\/div>\n\t\t\t\t\t\t<\/div>\n\t\t<\/div>\n\t\t\t<\/div>\n<\/div>\n\t\t<\/div>\n\t\t\t\t<\/div>\n\t\t\t\t\t<\/div>\n\t\t<\/div>\n\t\t\t\t\t<\/div>\n\t\t<\/section>\n\t\t\t\t<\/div>","protected":false},"excerpt":{"rendered":"<p>Hobby Garden This product will transform your terrace, balcony or the window box into a miniature garden while keeping you indulged in your favorite hobby; gardening. \u00a0 Preferred product by gardeners who love homegrown harvest on the kitchen table.The much thought after design will make your lawn the likes of a designer garden.Ideal product for [&hellip;]<\/p>","protected":false},"author":2,"featured_media":0,"parent":321,"menu_order":0,"comment_status":"closed","ping_status":"closed","template":"elementor_header_footer","meta":{"footnotes":""},"class_list":["post-330","page","type-page","status-publish","hentry"],"_links":{"self":[{"href":"https:\/\/tropicoirlanka.com\/es\/wp-json\/wp\/v2\/pages\/330","targetHints":{"allow":["GET"]}}],"collection":[{"href":"https:\/\/tropicoirlanka.com\/es\/wp-json\/wp\/v2\/pages"}],"about":[{"href":"https:\/\/tropicoirlanka.com\/es\/wp-json\/wp\/v2\/types\/page"}],"author":[{"embeddable":true,"href":"https:\/\/tropicoirlanka.com\/es\/wp-json\/wp\/v2\/users\/2"}],"replies":[{"embeddable":true,"href":"https:\/\/tropicoirlanka.com\/es\/wp-json\/wp\/v2\/comments?post=330"}],"version-history":[{"count":46,"href":"https:\/\/tropicoirlanka.com\/es\/wp-json\/wp\/v2\/pages\/330\/revisions"}],"predecessor-version":[{"id":3128,"href":"https:\/\/tropicoirlanka.com\/es\/wp-json\/wp\/v2\/pages\/330\/revisions\/3128"}],"up":[{"embeddable":true,"href":"https:\/\/tropicoirlanka.com\/es\/wp-json\/wp\/v2\/pages\/321"}],"wp:attachment":[{"href":"https:\/\/tropicoirlanka.com\/es\/wp-json\/wp\/v2\/media?parent=330"}],"curies":[{"name":"wp","href":"https:\/\/api.w.org\/{rel}","templated":true}]}}