{"id":333,"date":"2024-01-16T07:33:31","date_gmt":"2024-01-16T07:33:31","guid":{"rendered":"https:\/\/avradesign.com\/tropi\/?page_id=333"},"modified":"2024-02-21T04:29:13","modified_gmt":"2024-02-21T04:29:13","slug":"mulch","status":"publish","type":"page","link":"https:\/\/tropicoirlanka.com\/es\/products\/diverse-range-of-home-and-garden-products\/mulch\/","title":{"rendered":"Mulch"},"content":{"rendered":"<div data-elementor-type=\"wp-page\" data-elementor-id=\"333\" class=\"elementor elementor-333\" data-elementor-post-type=\"page\">\n\t\t\t\t\t\t<section data-particle_enable=\"false\" data-particle-mobile-disabled=\"false\" class=\"elementor-section elementor-top-section elementor-element elementor-element-a1e3d52 elementor-section-height-min-height elementor-section-full_width elementor-section-items-stretch elementor-section-height-default\" data-id=\"a1e3d52\" data-element_type=\"section\" data-settings=\"{&quot;background_background&quot;:&quot;classic&quot;}\">\n\t\t\t\t\t\t\t<div class=\"elementor-background-overlay\"><\/div>\n\t\t\t\t\t\t\t<div class=\"elementor-container elementor-column-gap-extended\">\n\t\t\t\t\t<div class=\"elementor-column elementor-col-50 elementor-top-column elementor-element elementor-element-9bf551d elementor-hidden-mobile\" data-id=\"9bf551d\" data-element_type=\"column\">\n\t\t\t<div class=\"elementor-widget-wrap\">\n\t\t\t\t\t\t\t<\/div>\n\t\t<\/div>\n\t\t\t\t<div class=\"elementor-column elementor-col-50 elementor-top-column elementor-element elementor-element-d210c5d\" data-id=\"d210c5d\" data-element_type=\"column\">\n\t\t\t<div class=\"elementor-widget-wrap elementor-element-populated\">\n\t\t\t\t\t\t<div class=\"elementor-element elementor-element-280846c elementor-widget__width-initial animated-slow elementor-invisible elementor-widget elementor-widget-heading\" data-id=\"280846c\" data-element_type=\"widget\" data-settings=\"{&quot;_animation&quot;:&quot;fadeInUp&quot;}\" data-widget_type=\"heading.default\">\n\t\t\t\t<div class=\"elementor-widget-container\">\n\t\t\t<h2 class=\"elementor-heading-title elementor-size-default\">Mulch<\/h2>\t\t<\/div>\n\t\t\t\t<\/div>\n\t\t\t\t\t<\/div>\n\t\t<\/div>\n\t\t\t\t\t<\/div>\n\t\t<\/section>\n\t\t\t\t<section data-particle_enable=\"false\" data-particle-mobile-disabled=\"false\" class=\"elementor-section elementor-top-section elementor-element elementor-element-ae27ea9 elementor-section-boxed elementor-section-height-default elementor-section-height-default\" data-id=\"ae27ea9\" data-element_type=\"section\">\n\t\t\t\t\t\t<div class=\"elementor-container elementor-column-gap-default\">\n\t\t\t\t\t<div class=\"elementor-column elementor-col-100 elementor-top-column elementor-element elementor-element-aaf5be6\" data-id=\"aaf5be6\" data-element_type=\"column\">\n\t\t\t<div class=\"elementor-widget-wrap elementor-element-populated\">\n\t\t\t\t\t\t<section data-particle_enable=\"false\" data-particle-mobile-disabled=\"false\" class=\"elementor-section elementor-inner-section elementor-element elementor-element-38b70b3 elementor-section-boxed elementor-section-height-default elementor-section-height-default\" data-id=\"38b70b3\" data-element_type=\"section\">\n\t\t\t\t\t\t<div class=\"elementor-container elementor-column-gap-default\">\n\t\t\t\t\t<div class=\"elementor-column elementor-col-50 elementor-inner-column elementor-element elementor-element-0b84625\" data-id=\"0b84625\" data-element_type=\"column\">\n\t\t\t<div class=\"elementor-widget-wrap elementor-element-populated\">\n\t\t\t\t\t\t<div class=\"elementor-element elementor-element-96de099 elementor-arrows-position-inside elementor-pagination-position-outside elementor-widget elementor-widget-image-carousel\" data-id=\"96de099\" data-element_type=\"widget\" data-settings=\"{&quot;slides_to_show&quot;:&quot;1&quot;,&quot;navigation&quot;:&quot;both&quot;,&quot;autoplay&quot;:&quot;yes&quot;,&quot;pause_on_hover&quot;:&quot;yes&quot;,&quot;pause_on_interaction&quot;:&quot;yes&quot;,&quot;autoplay_speed&quot;:5000,&quot;infinite&quot;:&quot;yes&quot;,&quot;effect&quot;:&quot;slide&quot;,&quot;speed&quot;:500}\" data-widget_type=\"image-carousel.default\">\n\t\t\t\t<div class=\"elementor-widget-container\">\n\t\t\t\t\t<div class=\"elementor-image-carousel-wrapper swiper\" dir=\"ltr\">\n\t\t\t<div class=\"elementor-image-carousel swiper-wrapper swiper-image-stretch\" aria-live=\"off\">\n\t\t\t\t\t\t\t\t<div class=\"swiper-slide\" role=\"group\" aria-roledescription=\"slide\" aria-label=\"1 de 2\"><figure class=\"swiper-slide-inner\"><img decoding=\"async\" class=\"swiper-slide-image\" src=\"https:\/\/tropicoirlanka.com\/wp-content\/uploads\/2024\/01\/Mulch-scaled.jpg\" alt=\"Coco mulch\" \/><\/figure><\/div><div class=\"swiper-slide\" role=\"group\" aria-roledescription=\"slide\" aria-label=\"2 de 2\"><figure class=\"swiper-slide-inner\"><img decoding=\"async\" class=\"swiper-slide-image\" src=\"https:\/\/tropicoirlanka.com\/wp-content\/uploads\/2024\/02\/Mulch-usage.jpg\" alt=\"Mulch-usage\" \/><\/figure><\/div>\t\t\t<\/div>\n\t\t\t\t\t\t\t\t\t\t\t\t<div class=\"elementor-swiper-button elementor-swiper-button-prev\" role=\"button\" tabindex=\"0\">\n\t\t\t\t\t\t<svg aria-hidden=\"true\" class=\"e-font-icon-svg e-eicon-chevron-left\" viewbox=\"0 0 1000 1000\" xmlns=\"http:\/\/www.w3.org\/2000\/svg\"><path d=\"M646 125C629 125 613 133 604 142L308 442C296 454 292 471 292 487 292 504 296 521 308 533L604 854C617 867 629 875 646 875 663 875 679 871 692 858 704 846 713 829 713 812 713 796 708 779 692 767L438 487 692 225C700 217 708 204 708 187 708 171 704 154 692 142 675 129 663 125 646 125Z\"><\/path><\/svg>\t\t\t\t\t<\/div>\n\t\t\t\t\t<div class=\"elementor-swiper-button elementor-swiper-button-next\" role=\"button\" tabindex=\"0\">\n\t\t\t\t\t\t<svg aria-hidden=\"true\" class=\"e-font-icon-svg e-eicon-chevron-right\" viewbox=\"0 0 1000 1000\" xmlns=\"http:\/\/www.w3.org\/2000\/svg\"><path d=\"M696 533C708 521 713 504 713 487 713 471 708 454 696 446L400 146C388 133 375 125 354 125 338 125 325 129 313 142 300 154 292 171 292 187 292 204 296 221 308 233L563 492 304 771C292 783 288 800 288 817 288 833 296 850 308 863 321 871 338 875 354 875 371 875 388 867 400 854L696 533Z\"><\/path><\/svg>\t\t\t\t\t<\/div>\n\t\t\t\t\n\t\t\t\t\t\t\t\t\t<div class=\"swiper-pagination\"><\/div>\n\t\t\t\t\t\t\t\t\t<\/div>\n\t\t\t\t<\/div>\n\t\t\t\t<\/div>\n\t\t\t\t\t<\/div>\n\t\t<\/div>\n\t\t\t\t<div class=\"elementor-column elementor-col-50 elementor-inner-column elementor-element elementor-element-d8bca94\" data-id=\"d8bca94\" data-element_type=\"column\">\n\t\t\t<div class=\"elementor-widget-wrap elementor-element-populated\">\n\t\t\t\t\t\t<div class=\"elementor-element elementor-element-3fa3f9a animated-slow elementor-invisible elementor-widget elementor-widget-text-editor\" data-id=\"3fa3f9a\" data-element_type=\"widget\" data-settings=\"{&quot;_animation&quot;:&quot;fadeIn&quot;}\" data-widget_type=\"text-editor.default\">\n\t\t\t\t<div class=\"elementor-widget-container\">\n\t\t\t\t\t\t\t<p>Coco Mulch es un recurso 100 % org\u00e1nico y renovable elaborado a partir de c\u00e1scaras de coco trituradas. Funciona como manta t\u00e9rmica para jardines manteniendo el suelo fresco en verano, c\u00e1lido en invierno y h\u00famedo durante todo el a\u00f1o. Es un producto para todas las estaciones.<\/p><h6><span style=\"color: #86a900;\">tipo de material<\/span><\/h6><ul><li>Triturar la c\u00e1scara de coco (part\u00edculas de aproximadamente 15 mm).<\/li><\/ul><h6><span style=\"color: #86a900;\">Embalaje<\/span><\/h6><ul><li>Opci\u00f3n 1: bloques desnudos apilados sobre pal\u00e9s<\/li><li>Opci\u00f3n 2: Cada bloque se empaqueta individualmente en una bolsa de LDPE cortada con asa f\u00e1cil de transportar. Disponible tambi\u00e9n en inserciones de etiquetas personalizadas.<\/li><\/ul><h6><span style=\"color: #86a900;\">Capacidad de carga<\/span><\/h6><ul><li>216 bloques por palet est\u00e1ndar y 20 de este tipo por 1\u00d740\u2019 HC = 4320 bloques<\/li><\/ul>\t\t\t\t\t\t<\/div>\n\t\t\t\t<\/div>\n\t\t\t\t\t<\/div>\n\t\t<\/div>\n\t\t\t\t\t<\/div>\n\t\t<\/section>\n\t\t\t\t<section data-particle_enable=\"false\" data-particle-mobile-disabled=\"false\" class=\"elementor-section elementor-inner-section elementor-element elementor-element-ae89759 elementor-section-boxed elementor-section-height-default elementor-section-height-default\" data-id=\"ae89759\" data-element_type=\"section\">\n\t\t\t\t\t\t<div class=\"elementor-container elementor-column-gap-default\">\n\t\t\t\t\t<div class=\"elementor-column elementor-col-100 elementor-inner-column elementor-element elementor-element-b064a25\" data-id=\"b064a25\" data-element_type=\"column\">\n\t\t\t<div class=\"elementor-widget-wrap\">\n\t\t\t\t\t\t\t<\/div>\n\t\t<\/div>\n\t\t\t\t\t<\/div>\n\t\t<\/section>\n\t\t\t\t\t<\/div>\n\t\t<\/div>\n\t\t\t\t\t<\/div>\n\t\t<\/section>\n\t\t\t\t<section data-particle_enable=\"false\" data-particle-mobile-disabled=\"false\" class=\"elementor-section elementor-top-section elementor-element elementor-element-dcbdb1f elementor-section-boxed elementor-section-height-default elementor-section-height-default\" data-id=\"dcbdb1f\" data-element_type=\"section\">\n\t\t\t\t\t\t<div class=\"elementor-container elementor-column-gap-default\">\n\t\t\t\t\t<div class=\"elementor-column elementor-col-100 elementor-top-column elementor-element elementor-element-4f3a034\" data-id=\"4f3a034\" data-element_type=\"column\">\n\t\t\t<div class=\"elementor-widget-wrap elementor-element-populated\">\n\t\t\t\t\t\t<div class=\"elementor-element elementor-element-8fa84d2 elementor-widget elementor-widget-heading\" data-id=\"8fa84d2\" data-element_type=\"widget\" data-widget_type=\"heading.default\">\n\t\t\t\t<div class=\"elementor-widget-container\">\n\t\t\t<h2 class=\"elementor-heading-title elementor-size-default\">Productos relacionados<\/h2>\t\t<\/div>\n\t\t\t\t<\/div>\n\t\t\t\t\t<\/div>\n\t\t<\/div>\n\t\t\t\t\t<\/div>\n\t\t<\/section>\n\t\t\t\t<section data-particle_enable=\"false\" data-particle-mobile-disabled=\"false\" class=\"elementor-section elementor-top-section elementor-element elementor-element-54d74fb elementor-section-boxed elementor-section-height-default elementor-section-height-default\" data-id=\"54d74fb\" data-element_type=\"section\">\n\t\t\t\t\t\t<div class=\"elementor-container elementor-column-gap-default\">\n\t\t\t\t\t<div class=\"elementor-column elementor-col-25 elementor-top-column elementor-element elementor-element-88c08a0\" data-id=\"88c08a0\" data-element_type=\"column\">\n\t\t\t<div class=\"elementor-widget-wrap elementor-element-populated\">\n\t\t\t\t\t\t<div class=\"elementor-element elementor-element-c4c0074 elementor-widget elementor-widget-uael-infobox\" data-id=\"c4c0074\" data-element_type=\"widget\" data-widget_type=\"uael-infobox.default\">\n\t\t\t\t<div class=\"elementor-widget-container\">\n\t\t\t\n<div class=\"uael-module-content uael-infobox uael-imgicon-style-custom  infobox-has-photo uael-infobox-photo-above-title  uael-infobox-link-type-button\">\n\t<div class=\"uael-infobox-left-right-wrap\">\n\t\t\t\t\t\t<div class=\"uael-infobox-content\">\n\t\t\t\t\t\t\t<div class=\"uael-module-content uael-imgicon-wrap\">\t\t\t\t\t\t\t\t\t\t\t\n\t\t\t\t\t\t\t\t\t\t\t\t\t\t\t\t<div class=\"uael-image\" itemscope itemtype=\"http:\/\/schema.org\/ImageObject\">\n\t\t\t\t\t\t\t<div class=\"uael-image-content elementor-animation-\">\n\t\t\t\t\t\t\t\t<img fetchpriority=\"high\" decoding=\"async\" width=\"2560\" height=\"1707\" src=\"https:\/\/tropicoirlanka.com\/wp-content\/uploads\/2024\/01\/Easy-Carry-Coco-Blocks-new-scaled.jpg\" class=\"attachment-full size-full wp-image-1735\" alt=\"Easy-Carry-Coco-Blocks\" srcset=\"https:\/\/tropicoirlanka.com\/wp-content\/uploads\/2024\/01\/Easy-Carry-Coco-Blocks-new-scaled.jpg 2560w, https:\/\/tropicoirlanka.com\/wp-content\/uploads\/2024\/01\/Easy-Carry-Coco-Blocks-new-300x200.jpg 300w, https:\/\/tropicoirlanka.com\/wp-content\/uploads\/2024\/01\/Easy-Carry-Coco-Blocks-new-1024x683.jpg 1024w, https:\/\/tropicoirlanka.com\/wp-content\/uploads\/2024\/01\/Easy-Carry-Coco-Blocks-new-768x512.jpg 768w, https:\/\/tropicoirlanka.com\/wp-content\/uploads\/2024\/01\/Easy-Carry-Coco-Blocks-new-1536x1024.jpg 1536w, https:\/\/tropicoirlanka.com\/wp-content\/uploads\/2024\/01\/Easy-Carry-Coco-Blocks-new-2048x1365.jpg 2048w\" sizes=\"(max-width: 2560px) 100vw, 2560px\" \/>\t\t\t\t\t\t\t<\/div>\n\t\t\t\t\t\t<\/div>\n\n\t\t\t\t\t\t\t\t\t<\/div>\n\t\t\t\t\t\t\t<div class='uael-infobox-title-wrap'><h4 class=\"uael-infobox-title elementor-inline-editing\" data-elementor-setting-key=\"infobox_title\" data-elementor-inline-editing-toolbar=\"basic\" >Easy Carry Coco Blocks<\/h4><\/div>\t\t\t\t\t\t\t\t\t<div class=\"uael-infobox-text-wrap\">\n\t\t\t\t<div class=\"uael-infobox-text elementor-inline-editing\" data-elementor-setting-key=\"infobox_description\" data-elementor-inline-editing-toolbar=\"advanced\">\n\t\t\t\t\tEl producto m\u00e1s econ\u00f3mico para el transporte en contenedores. Los bloques se pueden reconstituir a\u00f1adiendo agua. \t\t\t\t<\/div>\n\t\t\t\t\t\n\t\t\t\t\t\t\t<div class=\"uael-button-wrapper elementor-button-wrapper\">\n\t\t\t\t<a href=\"https:\/\/tropicoirlanka.com\/products\/diverse-range-of-home-and-garden-products\/easy-carry-coco-blocks\/\" class=\"elementor-button-link  elementor-button elementor-size-sm\">\n\t\t\t\t\t\t\t<span class=\"elementor-button-content-wrapper\">\n\t\t\t\t\t\t\t\t\t\t\t\t\t\t\t\t<span class=\"elementor-align-icon-right elementor-button-icon\">\n\t\t\t\t\t\t\t\t\t\t\t<\/span>\n\t\t\t\t\t\t\t\n\t\t\t<span class=\"elementor-button-text elementor-inline-editing\"  data-elementor-setting-key=\"infobox_button_text\" data-elementor-inline-editing-toolbar=\"none\">Leer m\u00e1s<\/span>\n\t\t<\/span>\n\t\t\t\t\t\t<\/a>\n\t\t\t<\/div>\n\t\t\t\t\t\t<\/div>\n\t\t<\/div>\n\t\t\t<\/div>\n<\/div>\n\t\t<\/div>\n\t\t\t\t<\/div>\n\t\t\t\t\t<\/div>\n\t\t<\/div>\n\t\t\t\t<div class=\"elementor-column elementor-col-25 elementor-top-column elementor-element elementor-element-4a92830\" data-id=\"4a92830\" data-element_type=\"column\">\n\t\t\t<div class=\"elementor-widget-wrap elementor-element-populated\">\n\t\t\t\t\t\t<div class=\"elementor-element elementor-element-d2f5cd7 elementor-widget elementor-widget-uael-infobox\" data-id=\"d2f5cd7\" data-element_type=\"widget\" data-widget_type=\"uael-infobox.default\">\n\t\t\t\t<div class=\"elementor-widget-container\">\n\t\t\t\n<div class=\"uael-module-content uael-infobox uael-imgicon-style-custom  infobox-has-photo uael-infobox-photo-above-title  uael-infobox-link-type-button\">\n\t<div class=\"uael-infobox-left-right-wrap\">\n\t\t\t\t\t\t<div class=\"uael-infobox-content\">\n\t\t\t\t\t\t\t<div class=\"uael-module-content uael-imgicon-wrap\">\t\t\t\t\t\t\t\t\t\t\t\n\t\t\t\t\t\t\t\t\t\t\t\t\t\t\t\t<div class=\"uael-image\" itemscope itemtype=\"http:\/\/schema.org\/ImageObject\">\n\t\t\t\t\t\t\t<div class=\"uael-image-content elementor-animation-\">\n\t\t\t\t\t\t\t\t<img decoding=\"async\" width=\"2560\" height=\"1707\" src=\"https:\/\/tropicoirlanka.com\/wp-content\/uploads\/2024\/01\/pots-scaled.jpg\" class=\"attachment-full size-full wp-image-1736\" alt=\"coco pots\" srcset=\"https:\/\/tropicoirlanka.com\/wp-content\/uploads\/2024\/01\/pots-scaled.jpg 2560w, https:\/\/tropicoirlanka.com\/wp-content\/uploads\/2024\/01\/pots-300x200.jpg 300w, https:\/\/tropicoirlanka.com\/wp-content\/uploads\/2024\/01\/pots-1024x683.jpg 1024w, https:\/\/tropicoirlanka.com\/wp-content\/uploads\/2024\/01\/pots-768x512.jpg 768w, https:\/\/tropicoirlanka.com\/wp-content\/uploads\/2024\/01\/pots-1536x1024.jpg 1536w, https:\/\/tropicoirlanka.com\/wp-content\/uploads\/2024\/01\/pots-2048x1365.jpg 2048w\" sizes=\"(max-width: 2560px) 100vw, 2560px\" \/>\t\t\t\t\t\t\t<\/div>\n\t\t\t\t\t\t<\/div>\n\n\t\t\t\t\t\t\t\t\t<\/div>\n\t\t\t\t\t\t\t<div class='uael-infobox-title-wrap'><h4 class=\"uael-infobox-title elementor-inline-editing\" data-elementor-setting-key=\"infobox_title\" data-elementor-inline-editing-toolbar=\"basic\" >Coir pots<\/h4><\/div>\t\t\t\t\t\t\t\t\t<div class=\"uael-infobox-text-wrap\">\n\t\t\t\t<div class=\"uael-infobox-text elementor-inline-editing\" data-elementor-setting-key=\"infobox_description\" data-elementor-inline-editing-toolbar=\"advanced\">\n\t\t\t\t\tHechas de fibra de coco, las macetas de fibra de coco se comprimen a m\u00e1quina y vienen en varios tama\u00f1os personalizados para las aplicaciones del cliente.\n.\t\t\t\t<\/div>\n\t\t\t\t\t\n\t\t\t\t\t\t\t<div class=\"uael-button-wrapper elementor-button-wrapper\">\n\t\t\t\t<a href=\"https:\/\/tropicoirlanka.com\/products\/diverse-range-of-home-and-garden-products\/coir-pots\/\" class=\"elementor-button-link  elementor-button elementor-size-sm\">\n\t\t\t\t\t\t\t<span class=\"elementor-button-content-wrapper\">\n\t\t\t\t\t\t\t\t\t\t\t\t\t\t\t\t<span class=\"elementor-align-icon-right elementor-button-icon\">\n\t\t\t\t\t\t\t\t\t\t\t<\/span>\n\t\t\t\t\t\t\t\n\t\t\t<span class=\"elementor-button-text elementor-inline-editing\"  data-elementor-setting-key=\"infobox_button_text\" data-elementor-inline-editing-toolbar=\"none\"><span>Leer m\u00e1s<\/span><\/span>\n\t\t<\/span>\n\t\t\t\t\t\t<\/a>\n\t\t\t<\/div>\n\t\t\t\t\t\t<\/div>\n\t\t<\/div>\n\t\t\t<\/div>\n<\/div>\n\t\t<\/div>\n\t\t\t\t<\/div>\n\t\t\t\t\t<\/div>\n\t\t<\/div>\n\t\t\t\t<div class=\"elementor-column elementor-col-25 elementor-top-column elementor-element elementor-element-eaeeb2e\" data-id=\"eaeeb2e\" data-element_type=\"column\">\n\t\t\t<div class=\"elementor-widget-wrap elementor-element-populated\">\n\t\t\t\t\t\t<div class=\"elementor-element elementor-element-9166c66 elementor-widget elementor-widget-uael-infobox\" data-id=\"9166c66\" data-element_type=\"widget\" data-widget_type=\"uael-infobox.default\">\n\t\t\t\t<div class=\"elementor-widget-container\">\n\t\t\t\n<div class=\"uael-module-content uael-infobox uael-imgicon-style-custom  infobox-has-photo uael-infobox-photo-above-title  uael-infobox-link-type-button\">\n\t<div class=\"uael-infobox-left-right-wrap\">\n\t\t\t\t\t\t<div class=\"uael-infobox-content\">\n\t\t\t\t\t\t\t<div class=\"uael-module-content uael-imgicon-wrap\">\t\t\t\t\t\t\t\t\t\t\t\n\t\t\t\t\t\t\t\t\t\t\t\t\t\t\t\t<div class=\"uael-image\" itemscope itemtype=\"http:\/\/schema.org\/ImageObject\">\n\t\t\t\t\t\t\t<div class=\"uael-image-content elementor-animation-\">\n\t\t\t\t\t\t\t\t<img decoding=\"async\" width=\"2560\" height=\"1707\" src=\"https:\/\/tropicoirlanka.com\/wp-content\/uploads\/2024\/01\/Home-Pack-scaled-1.jpg\" class=\"attachment-full size-full wp-image-2774\" alt=\"\" srcset=\"https:\/\/tropicoirlanka.com\/wp-content\/uploads\/2024\/01\/Home-Pack-scaled-1.jpg 2560w, https:\/\/tropicoirlanka.com\/wp-content\/uploads\/2024\/01\/Home-Pack-scaled-1-300x200.jpg 300w, https:\/\/tropicoirlanka.com\/wp-content\/uploads\/2024\/01\/Home-Pack-scaled-1-1024x683.jpg 1024w, https:\/\/tropicoirlanka.com\/wp-content\/uploads\/2024\/01\/Home-Pack-scaled-1-768x512.jpg 768w, https:\/\/tropicoirlanka.com\/wp-content\/uploads\/2024\/01\/Home-Pack-scaled-1-1536x1024.jpg 1536w, https:\/\/tropicoirlanka.com\/wp-content\/uploads\/2024\/01\/Home-Pack-scaled-1-2048x1366.jpg 2048w\" sizes=\"(max-width: 2560px) 100vw, 2560px\" \/>\t\t\t\t\t\t\t<\/div>\n\t\t\t\t\t\t<\/div>\n\n\t\t\t\t\t\t\t\t\t<\/div>\n\t\t\t\t\t\t\t<div class='uael-infobox-title-wrap'><h4 class=\"uael-infobox-title elementor-inline-editing\" data-elementor-setting-key=\"infobox_title\" data-elementor-inline-editing-toolbar=\"basic\" >Home Pack<\/h4><\/div>\t\t\t\t\t\t\t\t\t<div class=\"uael-infobox-text-wrap\">\n\t\t\t\t<div class=\"uael-infobox-text elementor-inline-editing\" data-elementor-setting-key=\"infobox_description\" data-elementor-inline-editing-toolbar=\"advanced\">\n\t\t\t\t\tLa tierra para macetas contiene una mezcla cuidadosamente seleccionada de nutrientes que nutre su planta durante varios meses. \t\t\t\t<\/div>\n\t\t\t\t\t\n\t\t\t\t\t\t\t<div class=\"uael-button-wrapper elementor-button-wrapper\">\n\t\t\t\t<a href=\"https:\/\/tropicoirlanka.com\/products\/diverse-range-of-home-and-garden-products\/home-pack\/\" class=\"elementor-button-link  elementor-button elementor-size-sm\">\n\t\t\t\t\t\t\t<span class=\"elementor-button-content-wrapper\">\n\t\t\t\t\t\t\t\t\t\t\t\t\t\t\t\t<span class=\"elementor-align-icon-right elementor-button-icon\">\n\t\t\t\t\t\t\t\t\t\t\t<\/span>\n\t\t\t\t\t\t\t\n\t\t\t<span class=\"elementor-button-text elementor-inline-editing\"  data-elementor-setting-key=\"infobox_button_text\" data-elementor-inline-editing-toolbar=\"none\"><span>Leer m\u00e1s<\/span><\/span>\n\t\t<\/span>\n\t\t\t\t\t\t<\/a>\n\t\t\t<\/div>\n\t\t\t\t\t\t<\/div>\n\t\t<\/div>\n\t\t\t<\/div>\n<\/div>\n\t\t<\/div>\n\t\t\t\t<\/div>\n\t\t\t\t\t<\/div>\n\t\t<\/div>\n\t\t\t\t<div class=\"elementor-column elementor-col-25 elementor-top-column elementor-element elementor-element-ab318fc\" data-id=\"ab318fc\" data-element_type=\"column\">\n\t\t\t<div class=\"elementor-widget-wrap elementor-element-populated\">\n\t\t\t\t\t\t<div class=\"elementor-element elementor-element-67730e2 elementor-widget elementor-widget-uael-infobox\" data-id=\"67730e2\" data-element_type=\"widget\" data-widget_type=\"uael-infobox.default\">\n\t\t\t\t<div class=\"elementor-widget-container\">\n\t\t\t\n<div class=\"uael-module-content uael-infobox uael-imgicon-style-custom  infobox-has-photo uael-infobox-photo-above-title  uael-infobox-link-type-button\">\n\t<div class=\"uael-infobox-left-right-wrap\">\n\t\t\t\t\t\t<div class=\"uael-infobox-content\">\n\t\t\t\t\t\t\t<div class=\"uael-module-content uael-imgicon-wrap\">\t\t\t\t\t\t\t\t\t\t\t\n\t\t\t\t\t\t\t\t\t\t\t\t\t\t\t\t<div class=\"uael-image\" itemscope itemtype=\"http:\/\/schema.org\/ImageObject\">\n\t\t\t\t\t\t\t<div class=\"uael-image-content elementor-animation-\">\n\t\t\t\t\t\t\t\t<img loading=\"lazy\" decoding=\"async\" width=\"2560\" height=\"1707\" src=\"https:\/\/tropicoirlanka.com\/wp-content\/uploads\/2024\/01\/Hobby-Garden-1-scaled.jpg\" class=\"attachment-full size-full wp-image-1738\" alt=\"Hobby-Garden\" srcset=\"https:\/\/tropicoirlanka.com\/wp-content\/uploads\/2024\/01\/Hobby-Garden-1-scaled.jpg 2560w, https:\/\/tropicoirlanka.com\/wp-content\/uploads\/2024\/01\/Hobby-Garden-1-300x200.jpg 300w, https:\/\/tropicoirlanka.com\/wp-content\/uploads\/2024\/01\/Hobby-Garden-1-1024x683.jpg 1024w, https:\/\/tropicoirlanka.com\/wp-content\/uploads\/2024\/01\/Hobby-Garden-1-768x512.jpg 768w, https:\/\/tropicoirlanka.com\/wp-content\/uploads\/2024\/01\/Hobby-Garden-1-1536x1024.jpg 1536w, https:\/\/tropicoirlanka.com\/wp-content\/uploads\/2024\/01\/Hobby-Garden-1-2048x1365.jpg 2048w\" sizes=\"(max-width: 2560px) 100vw, 2560px\" \/>\t\t\t\t\t\t\t<\/div>\n\t\t\t\t\t\t<\/div>\n\n\t\t\t\t\t\t\t\t\t<\/div>\n\t\t\t\t\t\t\t<div class='uael-infobox-title-wrap'><h4 class=\"uael-infobox-title elementor-inline-editing\" data-elementor-setting-key=\"infobox_title\" data-elementor-inline-editing-toolbar=\"basic\" >Hobby Garden<\/h4><\/div>\t\t\t\t\t\t\t\t\t<div class=\"uael-infobox-text-wrap\">\n\t\t\t\t<div class=\"uael-infobox-text elementor-inline-editing\" data-elementor-setting-key=\"infobox_description\" data-elementor-inline-editing-toolbar=\"advanced\">\n\t\t\t\t\tFunciona como manta para jardines manteniendo la tierra fresca en verano, c\u00e1lida en invierno y h\u00fameda durante todo el a\u00f1o. Producto para todas las estaciones. \t\t\t\t<\/div>\n\t\t\t\t\t\n\t\t\t\t\t\t\t<div class=\"uael-button-wrapper elementor-button-wrapper\">\n\t\t\t\t<a href=\"https:\/\/tropicoirlanka.com\/products\/diverse-range-of-home-and-garden-products\/hobby-garden\/\" class=\"elementor-button-link  elementor-button elementor-size-sm\">\n\t\t\t\t\t\t\t<span class=\"elementor-button-content-wrapper\">\n\t\t\t\t\t\t\t\t\t\t\t\t\t\t\t\t<span class=\"elementor-align-icon-right elementor-button-icon\">\n\t\t\t\t\t\t\t\t\t\t\t<\/span>\n\t\t\t\t\t\t\t\n\t\t\t<span class=\"elementor-button-text elementor-inline-editing\"  data-elementor-setting-key=\"infobox_button_text\" data-elementor-inline-editing-toolbar=\"none\"><span>Leer m\u00e1s<\/span><\/span>\n\t\t<\/span>\n\t\t\t\t\t\t<\/a>\n\t\t\t<\/div>\n\t\t\t\t\t\t<\/div>\n\t\t<\/div>\n\t\t\t<\/div>\n<\/div>\n\t\t<\/div>\n\t\t\t\t<\/div>\n\t\t\t\t\t<\/div>\n\t\t<\/div>\n\t\t\t\t\t<\/div>\n\t\t<\/section>\n\t\t\t\t<\/div>","protected":false},"excerpt":{"rendered":"<p>Mulch Coco Mulch is a 100% organic, renewable resource made of crushed coconut husks. It works as a thermal blanket for gardens keeping soil cool in summer, warm in winter and moist all year round. It is a product for all seasons. Material Crush coconut husk (approximately 15mm particles). Packing Option 1:\u00a0 Naked blocks stacked [&hellip;]<\/p>","protected":false},"author":2,"featured_media":0,"parent":321,"menu_order":0,"comment_status":"closed","ping_status":"closed","template":"elementor_header_footer","meta":{"footnotes":""},"class_list":["post-333","page","type-page","status-publish","hentry"],"_links":{"self":[{"href":"https:\/\/tropicoirlanka.com\/es\/wp-json\/wp\/v2\/pages\/333","targetHints":{"allow":["GET"]}}],"collection":[{"href":"https:\/\/tropicoirlanka.com\/es\/wp-json\/wp\/v2\/pages"}],"about":[{"href":"https:\/\/tropicoirlanka.com\/es\/wp-json\/wp\/v2\/types\/page"}],"author":[{"embeddable":true,"href":"https:\/\/tropicoirlanka.com\/es\/wp-json\/wp\/v2\/users\/2"}],"replies":[{"embeddable":true,"href":"https:\/\/tropicoirlanka.com\/es\/wp-json\/wp\/v2\/comments?post=333"}],"version-history":[{"count":40,"href":"https:\/\/tropicoirlanka.com\/es\/wp-json\/wp\/v2\/pages\/333\/revisions"}],"predecessor-version":[{"id":3547,"href":"https:\/\/tropicoirlanka.com\/es\/wp-json\/wp\/v2\/pages\/333\/revisions\/3547"}],"up":[{"embeddable":true,"href":"https:\/\/tropicoirlanka.com\/es\/wp-json\/wp\/v2\/pages\/321"}],"wp:attachment":[{"href":"https:\/\/tropicoirlanka.com\/es\/wp-json\/wp\/v2\/media?parent=333"}],"curies":[{"name":"wp","href":"https:\/\/api.w.org\/{rel}","templated":true}]}}