{"id":321,"date":"2024-01-16T07:29:30","date_gmt":"2024-01-16T07:29:30","guid":{"rendered":"https:\/\/avradesign.com\/tropi\/?page_id=321"},"modified":"2024-02-08T07:26:35","modified_gmt":"2024-02-08T07:26:35","slug":"diverse-range-of-home-and-garden-products","status":"publish","type":"page","link":"https:\/\/tropicoirlanka.com\/french\/products\/diverse-range-of-home-and-garden-products\/","title":{"rendered":"Diverse range of Home and garden products"},"content":{"rendered":"<div data-elementor-type=\"wp-page\" data-elementor-id=\"321\" class=\"elementor elementor-321\" data-elementor-post-type=\"page\">\n\t\t\t\t\t\t<section data-particle_enable=\"false\" data-particle-mobile-disabled=\"false\" class=\"elementor-section elementor-top-section elementor-element elementor-element-e64eabf elementor-section-height-min-height elementor-section-full_width elementor-section-items-stretch elementor-section-height-default\" data-id=\"e64eabf\" data-element_type=\"section\" data-settings=\"{&quot;background_background&quot;:&quot;classic&quot;}\">\n\t\t\t\t\t\t\t<div class=\"elementor-background-overlay\"><\/div>\n\t\t\t\t\t\t\t<div class=\"elementor-container elementor-column-gap-extended\">\n\t\t\t\t\t<div class=\"elementor-column elementor-col-50 elementor-top-column elementor-element elementor-element-374ff03 elementor-hidden-mobile\" data-id=\"374ff03\" data-element_type=\"column\">\n\t\t\t<div class=\"elementor-widget-wrap\">\n\t\t\t\t\t\t\t<\/div>\n\t\t<\/div>\n\t\t\t\t<div class=\"elementor-column elementor-col-50 elementor-top-column elementor-element elementor-element-8a40e0b\" data-id=\"8a40e0b\" data-element_type=\"column\">\n\t\t\t<div class=\"elementor-widget-wrap elementor-element-populated\">\n\t\t\t\t\t\t<div class=\"elementor-element elementor-element-a350023 elementor-widget__width-initial animated-slow elementor-invisible elementor-widget elementor-widget-heading\" data-id=\"a350023\" data-element_type=\"widget\" data-settings=\"{&quot;_animation&quot;:&quot;fadeInUp&quot;}\" data-widget_type=\"heading.default\">\n\t\t\t\t<div class=\"elementor-widget-container\">\n\t\t\t<h2 class=\"elementor-heading-title elementor-size-default\">Produits pour la maison et le jardin<\/h2>\t\t<\/div>\n\t\t\t\t<\/div>\n\t\t\t\t\t<\/div>\n\t\t<\/div>\n\t\t\t\t\t<\/div>\n\t\t<\/section>\n\t\t\t\t<section data-particle_enable=\"false\" data-particle-mobile-disabled=\"false\" class=\"elementor-section elementor-top-section elementor-element elementor-element-2f365cf animated-slow elementor-section-boxed elementor-section-height-default elementor-section-height-default elementor-invisible\" data-id=\"2f365cf\" data-element_type=\"section\" data-settings=\"{&quot;animation&quot;:&quot;fadeIn&quot;}\">\n\t\t\t\t\t\t<div class=\"elementor-container elementor-column-gap-default\">\n\t\t\t\t\t<div class=\"elementor-column elementor-col-33 elementor-top-column elementor-element elementor-element-9ee9588 animated-slow elementor-invisible\" data-id=\"9ee9588\" data-element_type=\"column\" data-settings=\"{&quot;animation&quot;:&quot;fadeIn&quot;}\">\n\t\t\t<div class=\"elementor-widget-wrap elementor-element-populated\">\n\t\t\t\t\t\t<div class=\"elementor-element elementor-element-fe3530a eael-infobox-shape-radius eael-infobox-hover-img-shape-radius elementor-widget__width-initial eael-infobox-content-align--center elementor-widget elementor-widget-eael-info-box\" data-id=\"fe3530a\" data-element_type=\"widget\" data-widget_type=\"eael-info-box.default\">\n\t\t\t\t<div class=\"elementor-widget-container\">\n\t\t\t        <div class=\"eael-infobox\">\n\t            <div class=\"infobox-icon elementor-animation-grow\">\n\n                            <img decoding=\"async\" src=\"https:\/\/tropicoirlanka.com\/wp-content\/uploads\/2024\/01\/Easy-Carry-Coco-Blocks-new-scaled.jpg\" alt=\"Easy-Carry-Coco-Blocks\">\n            \n            \n            \n        <\/div>\n            <div class=\"infobox-content\">\n            <h2 class=\"title\">Easy Carry Coco Blocks<\/h2><div><p>Produit le plus \u00e9conomique pour le transport conteneuris\u00e9, les blocs peuvent \u00eatre reconstitu\u00e9s par ajout d'eau<\/p><\/div>        <div class=\"infobox-button\">\n            <a class=\"eael-infobox-button\" href=\"https:\/\/tropicoirlanka.com\/products\/diverse-range-of-home-and-garden-products\/easy-carry-coco-blocks\">\n                                <span class=\"infobox-button-text\">En savoir plus<\/span>\n                            <\/a>\n        <\/div>\n            <\/div>\n            <\/div>\n\n\t\t\t\t<\/div>\n\t\t\t\t<\/div>\n\t\t\t\t\t<\/div>\n\t\t<\/div>\n\t\t\t\t<div class=\"elementor-column elementor-col-33 elementor-top-column elementor-element elementor-element-8d97467 animated-slow elementor-invisible\" data-id=\"8d97467\" data-element_type=\"column\" data-settings=\"{&quot;animation&quot;:&quot;fadeIn&quot;}\">\n\t\t\t<div class=\"elementor-widget-wrap elementor-element-populated\">\n\t\t\t\t\t\t<div class=\"elementor-element elementor-element-104697a eael-infobox-shape-radius eael-infobox-hover-img-shape-radius elementor-widget__width-initial eael-infobox-content-align--center elementor-widget elementor-widget-eael-info-box\" data-id=\"104697a\" data-element_type=\"widget\" data-widget_type=\"eael-info-box.default\">\n\t\t\t\t<div class=\"elementor-widget-container\">\n\t\t\t        <div class=\"eael-infobox\">\n\t            <div class=\"infobox-icon elementor-animation-grow\">\n\n                            <img decoding=\"async\" src=\"https:\/\/tropicoirlanka.com\/wp-content\/uploads\/2024\/01\/pots-scaled.jpg\" alt=\"coco pots\">\n            \n            \n            \n        <\/div>\n            <div class=\"infobox-content\">\n            <h2 class=\"title\">Coir Pots<\/h2><div><p>Fabriqu\u00e9s \u00e0 partir de fibre de coco, les pots en fibre de coco sont compress\u00e9s \u00e0 la machine et sont disponibles en diff\u00e9rentes tailles, adapt\u00e9s aux applications du client.<\/p><\/div>        <div class=\"infobox-button\">\n            <a class=\"eael-infobox-button\" href=\"https:\/\/tropicoirlanka.com\/products\/diverse-range-of-home-and-garden-products\/coir-pots\">\n                                <span class=\"infobox-button-text\">En savoir plus<\/span>\n                            <\/a>\n        <\/div>\n            <\/div>\n            <\/div>\n\n\t\t\t\t<\/div>\n\t\t\t\t<\/div>\n\t\t\t\t\t<\/div>\n\t\t<\/div>\n\t\t\t\t<div class=\"elementor-column elementor-col-33 elementor-top-column elementor-element elementor-element-99e5ad0 animated-slow elementor-invisible\" data-id=\"99e5ad0\" data-element_type=\"column\" data-settings=\"{&quot;animation&quot;:&quot;fadeIn&quot;}\">\n\t\t\t<div class=\"elementor-widget-wrap elementor-element-populated\">\n\t\t\t\t\t\t<div class=\"elementor-element elementor-element-fb8e08d eael-infobox-shape-radius eael-infobox-hover-img-shape-radius elementor-widget__width-initial eael-infobox-content-align--center elementor-widget elementor-widget-eael-info-box\" data-id=\"fb8e08d\" data-element_type=\"widget\" data-widget_type=\"eael-info-box.default\">\n\t\t\t\t<div class=\"elementor-widget-container\">\n\t\t\t        <div class=\"eael-infobox\">\n\t            <div class=\"infobox-icon elementor-animation-grow\">\n\n                            <img decoding=\"async\" src=\"https:\/\/tropicoirlanka.com\/wp-content\/uploads\/2024\/01\/Home-Pack-scaled.jpg\" alt=\"Home-Pack\">\n            \n            \n            \n        <\/div>\n            <div class=\"infobox-content\">\n            <h2 class=\"title\">Home Pack<\/h2><div><p>Ce terreau de coco compact se dilate et se transforme en\u00a0un\u00a0r\u00e9cipient de terreau, simplement en ajoutant de l'eau.<\/p><\/div>        <div class=\"infobox-button\">\n            <a class=\"eael-infobox-button\" href=\"https:\/\/tropicoirlanka.com\/products\/diverse-range-of-home-and-garden-products\/home-pack\">\n                                <span class=\"infobox-button-text\">En savoir plus<\/span>\n                            <\/a>\n        <\/div>\n            <\/div>\n            <\/div>\n\n\t\t\t\t<\/div>\n\t\t\t\t<\/div>\n\t\t\t\t\t<\/div>\n\t\t<\/div>\n\t\t\t\t\t<\/div>\n\t\t<\/section>\n\t\t\t\t<section data-particle_enable=\"false\" data-particle-mobile-disabled=\"false\" class=\"elementor-section elementor-top-section elementor-element elementor-element-d12dbdf animated-slow elementor-section-boxed elementor-section-height-default elementor-section-height-default elementor-invisible\" data-id=\"d12dbdf\" data-element_type=\"section\" data-settings=\"{&quot;animation&quot;:&quot;fadeIn&quot;}\">\n\t\t\t\t\t\t<div class=\"elementor-container elementor-column-gap-default\">\n\t\t\t\t\t<div class=\"elementor-column elementor-col-33 elementor-top-column elementor-element elementor-element-7f7a2af animated-slow elementor-invisible\" data-id=\"7f7a2af\" data-element_type=\"column\" data-settings=\"{&quot;animation&quot;:&quot;fadeIn&quot;}\">\n\t\t\t<div class=\"elementor-widget-wrap elementor-element-populated\">\n\t\t\t\t\t\t<div class=\"elementor-element elementor-element-1adc3d6 eael-infobox-shape-radius eael-infobox-hover-img-shape-radius elementor-widget__width-initial eael-infobox-content-align--center elementor-widget elementor-widget-eael-info-box\" data-id=\"1adc3d6\" data-element_type=\"widget\" data-widget_type=\"eael-info-box.default\">\n\t\t\t\t<div class=\"elementor-widget-container\">\n\t\t\t        <div class=\"eael-infobox\">\n\t            <div class=\"infobox-icon elementor-animation-grow\">\n\n                            <img decoding=\"async\" src=\"https:\/\/tropicoirlanka.com\/wp-content\/uploads\/2024\/01\/Hobby-Garden-1-scaled.jpg\" alt=\"Hobby-Garden\">\n            \n            \n            \n        <\/div>\n            <div class=\"infobox-content\">\n            <h2 class=\"title\">Hobby Garden<\/h2><div><p>Ce produit transformera votre terrasse, balcon\u00a0en un jardin miniature tout en vous permettant de vous adonner au jardinage.<\/p><\/div>        <div class=\"infobox-button\">\n            <a class=\"eael-infobox-button\" href=\"https:\/\/tropicoirlanka.com\/products\/diverse-range-of-home-and-garden-products\/hobby-garden\">\n                                <span class=\"infobox-button-text\">En savoir plus<\/span>\n                            <\/a>\n        <\/div>\n            <\/div>\n            <\/div>\n\n\t\t\t\t<\/div>\n\t\t\t\t<\/div>\n\t\t\t\t\t<\/div>\n\t\t<\/div>\n\t\t\t\t<div class=\"elementor-column elementor-col-33 elementor-top-column elementor-element elementor-element-dd23a17 animated-slow elementor-invisible\" data-id=\"dd23a17\" data-element_type=\"column\" data-settings=\"{&quot;animation&quot;:&quot;fadeIn&quot;}\">\n\t\t\t<div class=\"elementor-widget-wrap elementor-element-populated\">\n\t\t\t\t\t\t<div class=\"elementor-element elementor-element-9822c6b eael-infobox-shape-radius eael-infobox-hover-img-shape-radius elementor-widget__width-initial eael-infobox-content-align--center elementor-widget elementor-widget-eael-info-box\" data-id=\"9822c6b\" data-element_type=\"widget\" data-widget_type=\"eael-info-box.default\">\n\t\t\t\t<div class=\"elementor-widget-container\">\n\t\t\t        <div class=\"eael-infobox\">\n\t            <div class=\"infobox-icon elementor-animation-grow\">\n\n                            <img decoding=\"async\" src=\"https:\/\/tropicoirlanka.com\/wp-content\/uploads\/2024\/01\/Mulch-scaled.jpg\" alt=\"Coco mulch\">\n            \n            \n            \n        <\/div>\n            <div class=\"infobox-content\">\n            <h2 class=\"title\">Mulch<\/h2><div><p>fonctionne comme une couverture thermique pour les jardins gardant le sol frais en \u00e9t\u00e9, chaud en hiver et humide toute l'ann\u00e9e.\u00a0<\/p><\/div>        <div class=\"infobox-button\">\n            <a class=\"eael-infobox-button\" href=\"https:\/\/tropicoirlanka.com\/products\/diverse-range-of-home-and-garden-products\/mulch\">\n                                <span class=\"infobox-button-text\">En savoir plus<\/span>\n                            <\/a>\n        <\/div>\n            <\/div>\n            <\/div>\n\n\t\t\t\t<\/div>\n\t\t\t\t<\/div>\n\t\t\t\t\t<\/div>\n\t\t<\/div>\n\t\t\t\t<div class=\"elementor-column elementor-col-33 elementor-top-column elementor-element elementor-element-3196fae\" data-id=\"3196fae\" data-element_type=\"column\">\n\t\t\t<div class=\"elementor-widget-wrap\">\n\t\t\t\t\t\t\t<\/div>\n\t\t<\/div>\n\t\t\t\t\t<\/div>\n\t\t<\/section>\n\t\t\t\t<\/div>","protected":false},"excerpt":{"rendered":"<p>Home and Garden Products Easy Carry Coco Blocks Most economical product for containerized transportation, blocks can be reconstituted by adding water Read More Coir Pots Made out of coir fiber, coir pots are machine compressed and come in various sizes custom-made to the client\u2019s applications Read More Home Pack This compact coco potting soil expands [&hellip;]<\/p>","protected":false},"author":2,"featured_media":0,"parent":312,"menu_order":0,"comment_status":"closed","ping_status":"closed","template":"","meta":{"footnotes":""},"class_list":["post-321","page","type-page","status-publish","hentry"],"_links":{"self":[{"href":"https:\/\/tropicoirlanka.com\/french\/wp-json\/wp\/v2\/pages\/321","targetHints":{"allow":["GET"]}}],"collection":[{"href":"https:\/\/tropicoirlanka.com\/french\/wp-json\/wp\/v2\/pages"}],"about":[{"href":"https:\/\/tropicoirlanka.com\/french\/wp-json\/wp\/v2\/types\/page"}],"author":[{"embeddable":true,"href":"https:\/\/tropicoirlanka.com\/french\/wp-json\/wp\/v2\/users\/2"}],"replies":[{"embeddable":true,"href":"https:\/\/tropicoirlanka.com\/french\/wp-json\/wp\/v2\/comments?post=321"}],"version-history":[{"count":85,"href":"https:\/\/tropicoirlanka.com\/french\/wp-json\/wp\/v2\/pages\/321\/revisions"}],"predecessor-version":[{"id":3337,"href":"https:\/\/tropicoirlanka.com\/french\/wp-json\/wp\/v2\/pages\/321\/revisions\/3337"}],"up":[{"embeddable":true,"href":"https:\/\/tropicoirlanka.com\/french\/wp-json\/wp\/v2\/pages\/312"}],"wp:attachment":[{"href":"https:\/\/tropicoirlanka.com\/french\/wp-json\/wp\/v2\/media?parent=321"}],"curies":[{"name":"wp","href":"https:\/\/api.w.org\/{rel}","templated":true}]}}