{"id":329,"date":"2024-01-16T07:33:21","date_gmt":"2024-01-16T07:33:21","guid":{"rendered":"https:\/\/avradesign.com\/tropi\/?page_id=329"},"modified":"2024-01-29T10:32:28","modified_gmt":"2024-01-29T10:32:28","slug":"home-pack","status":"publish","type":"page","link":"https:\/\/tropicoirlanka.com\/french\/products\/diverse-range-of-home-and-garden-products\/home-pack\/","title":{"rendered":"Home pack"},"content":{"rendered":"<div data-elementor-type=\"wp-page\" data-elementor-id=\"329\" class=\"elementor elementor-329\" data-elementor-post-type=\"page\">\n\t\t\t\t\t\t<section data-particle_enable=\"false\" data-particle-mobile-disabled=\"false\" class=\"elementor-section elementor-top-section elementor-element elementor-element-5d2618e elementor-section-height-min-height elementor-section-full_width elementor-section-items-stretch elementor-section-height-default\" data-id=\"5d2618e\" data-element_type=\"section\" data-settings=\"{&quot;background_background&quot;:&quot;classic&quot;}\">\n\t\t\t\t\t\t\t<div class=\"elementor-background-overlay\"><\/div>\n\t\t\t\t\t\t\t<div class=\"elementor-container elementor-column-gap-extended\">\n\t\t\t\t\t<div class=\"elementor-column elementor-col-50 elementor-top-column elementor-element elementor-element-2f87d4c elementor-hidden-mobile\" data-id=\"2f87d4c\" data-element_type=\"column\">\n\t\t\t<div class=\"elementor-widget-wrap\">\n\t\t\t\t\t\t\t<\/div>\n\t\t<\/div>\n\t\t\t\t<div class=\"elementor-column elementor-col-50 elementor-top-column elementor-element elementor-element-31dd028\" data-id=\"31dd028\" data-element_type=\"column\">\n\t\t\t<div class=\"elementor-widget-wrap elementor-element-populated\">\n\t\t\t\t\t\t<div class=\"elementor-element elementor-element-8169d33 elementor-widget__width-initial animated-slow elementor-invisible elementor-widget elementor-widget-heading\" data-id=\"8169d33\" data-element_type=\"widget\" data-settings=\"{&quot;_animation&quot;:&quot;fadeInUp&quot;}\" data-widget_type=\"heading.default\">\n\t\t\t\t<div class=\"elementor-widget-container\">\n\t\t\t<h2 class=\"elementor-heading-title elementor-size-default\">Home pack<\/h2>\t\t<\/div>\n\t\t\t\t<\/div>\n\t\t\t\t\t<\/div>\n\t\t<\/div>\n\t\t\t\t\t<\/div>\n\t\t<\/section>\n\t\t\t\t<section data-particle_enable=\"false\" data-particle-mobile-disabled=\"false\" class=\"elementor-section elementor-top-section elementor-element elementor-element-ae27ea9 elementor-section-boxed elementor-section-height-default elementor-section-height-default\" data-id=\"ae27ea9\" data-element_type=\"section\">\n\t\t\t\t\t\t<div class=\"elementor-container elementor-column-gap-default\">\n\t\t\t\t\t<div class=\"elementor-column elementor-col-100 elementor-top-column elementor-element elementor-element-aaf5be6\" data-id=\"aaf5be6\" data-element_type=\"column\">\n\t\t\t<div class=\"elementor-widget-wrap elementor-element-populated\">\n\t\t\t\t\t\t<section data-particle_enable=\"false\" data-particle-mobile-disabled=\"false\" class=\"elementor-section elementor-inner-section elementor-element elementor-element-38b70b3 elementor-section-boxed elementor-section-height-default elementor-section-height-default\" data-id=\"38b70b3\" data-element_type=\"section\">\n\t\t\t\t\t\t<div class=\"elementor-container elementor-column-gap-default\">\n\t\t\t\t\t<div class=\"elementor-column elementor-col-50 elementor-inner-column elementor-element elementor-element-0b84625\" data-id=\"0b84625\" data-element_type=\"column\">\n\t\t\t<div class=\"elementor-widget-wrap elementor-element-populated\">\n\t\t\t\t\t\t<div class=\"elementor-element elementor-element-96de099 elementor-arrows-position-inside elementor-pagination-position-outside elementor-widget elementor-widget-image-carousel\" data-id=\"96de099\" data-element_type=\"widget\" data-settings=\"{&quot;slides_to_show&quot;:&quot;1&quot;,&quot;navigation&quot;:&quot;both&quot;,&quot;autoplay&quot;:&quot;yes&quot;,&quot;pause_on_hover&quot;:&quot;yes&quot;,&quot;pause_on_interaction&quot;:&quot;yes&quot;,&quot;autoplay_speed&quot;:5000,&quot;infinite&quot;:&quot;yes&quot;,&quot;effect&quot;:&quot;slide&quot;,&quot;speed&quot;:500}\" data-widget_type=\"image-carousel.default\">\n\t\t\t\t<div class=\"elementor-widget-container\">\n\t\t\t\t\t<div class=\"elementor-image-carousel-wrapper swiper\" dir=\"ltr\">\n\t\t\t<div class=\"elementor-image-carousel swiper-wrapper swiper-image-stretch\" aria-live=\"off\">\n\t\t\t\t\t\t\t\t<div class=\"swiper-slide\" role=\"group\" aria-roledescription=\"slide\" aria-label=\"1 sur 1\"><figure class=\"swiper-slide-inner\"><img decoding=\"async\" class=\"swiper-slide-image\" src=\"https:\/\/tropicoirlanka.com\/wp-content\/uploads\/2024\/01\/Home-Pack-scaled-1.jpg\" alt=\"Home Pack\" \/><\/figure><\/div>\t\t\t<\/div>\n\t\t\t\t\t<\/div>\n\t\t\t\t<\/div>\n\t\t\t\t<\/div>\n\t\t\t\t\t<\/div>\n\t\t<\/div>\n\t\t\t\t<div class=\"elementor-column elementor-col-50 elementor-inner-column elementor-element elementor-element-d8bca94\" data-id=\"d8bca94\" data-element_type=\"column\">\n\t\t\t<div class=\"elementor-widget-wrap elementor-element-populated\">\n\t\t\t\t\t\t<div class=\"elementor-element elementor-element-3fa3f9a animated-slow elementor-invisible elementor-widget elementor-widget-text-editor\" data-id=\"3fa3f9a\" data-element_type=\"widget\" data-settings=\"{&quot;_animation&quot;:&quot;fadeIn&quot;}\" data-widget_type=\"text-editor.default\">\n\t\t\t\t<div class=\"elementor-widget-container\">\n\t\t\t\t\t\t\t<h6 style=\"text-align: left;\">Le produit le plus innovant en mati\u00e8re de jardinage domestique.<\/h6><p>\u00a0<\/p><p style=\"text-align: left;\">Ce terreau de coco compact pr\u00e9-fertilis\u00e9 se dilate et se transforme en un r\u00e9cipient de terreau pr\u00eat \u00e0 l'emploi, simplement en ajoutant de l'eau. Le terreau contient un m\u00e9lange de nutriments soigneusement s\u00e9lectionn\u00e9s qui nourrissent votre plante pendant plusieurs mois.<\/p><h6><span style=\"color: #86a900;\">type de materiau<\/span><\/h6><ul><li>Tourbe de coco de base standard ou mati\u00e8re de cosse broy\u00e9e<\/li><\/ul><h6><span style=\"color: #86a900;\">Taille<\/span><\/h6><ul><li>1L \/ 5L \/10L \/ 20L (ou litre sur demande)<\/li><\/ul><p>\u00a0<\/p><h6><span style=\"color: #86a900;\">Emballage-<\/span><\/h6><ul><li>Chaque bloc est emball\u00e9 dans des sacs PEHD munis d'une \u00e9tiquette et empil\u00e9 sur des palettes standards.<\/li><\/ul><p>\u00a0<\/p><h6><span style=\"color: #86a900;\">Chargeabilit\u00e9<\/span><\/h6><ul><li>Cela d\u00e9pend de l'\u00e2ge en litres<\/li><\/ul>\t\t\t\t\t\t<\/div>\n\t\t\t\t<\/div>\n\t\t\t\t\t<\/div>\n\t\t<\/div>\n\t\t\t\t\t<\/div>\n\t\t<\/section>\n\t\t\t\t<section data-particle_enable=\"false\" data-particle-mobile-disabled=\"false\" class=\"elementor-section elementor-inner-section elementor-element elementor-element-ae89759 elementor-section-boxed elementor-section-height-default elementor-section-height-default\" data-id=\"ae89759\" data-element_type=\"section\">\n\t\t\t\t\t\t<div class=\"elementor-container elementor-column-gap-default\">\n\t\t\t\t\t<div class=\"elementor-column elementor-col-100 elementor-inner-column elementor-element elementor-element-b064a25\" data-id=\"b064a25\" data-element_type=\"column\">\n\t\t\t<div class=\"elementor-widget-wrap\">\n\t\t\t\t\t\t\t<\/div>\n\t\t<\/div>\n\t\t\t\t\t<\/div>\n\t\t<\/section>\n\t\t\t\t\t<\/div>\n\t\t<\/div>\n\t\t\t\t\t<\/div>\n\t\t<\/section>\n\t\t\t\t<section data-particle_enable=\"false\" data-particle-mobile-disabled=\"false\" class=\"elementor-section elementor-top-section elementor-element elementor-element-dcbdb1f elementor-section-boxed elementor-section-height-default elementor-section-height-default\" data-id=\"dcbdb1f\" data-element_type=\"section\">\n\t\t\t\t\t\t<div class=\"elementor-container elementor-column-gap-default\">\n\t\t\t\t\t<div class=\"elementor-column elementor-col-100 elementor-top-column elementor-element elementor-element-4f3a034\" data-id=\"4f3a034\" data-element_type=\"column\">\n\t\t\t<div class=\"elementor-widget-wrap elementor-element-populated\">\n\t\t\t\t\t\t<div class=\"elementor-element elementor-element-8fa84d2 elementor-widget elementor-widget-heading\" data-id=\"8fa84d2\" data-element_type=\"widget\" data-widget_type=\"heading.default\">\n\t\t\t\t<div class=\"elementor-widget-container\">\n\t\t\t<h2 class=\"elementor-heading-title elementor-size-default\">Produits connexes<\/h2>\t\t<\/div>\n\t\t\t\t<\/div>\n\t\t\t\t\t<\/div>\n\t\t<\/div>\n\t\t\t\t\t<\/div>\n\t\t<\/section>\n\t\t\t\t<section data-particle_enable=\"false\" data-particle-mobile-disabled=\"false\" class=\"elementor-section elementor-top-section elementor-element elementor-element-3143b2b elementor-section-boxed elementor-section-height-default elementor-section-height-default\" data-id=\"3143b2b\" data-element_type=\"section\">\n\t\t\t\t\t\t<div class=\"elementor-container elementor-column-gap-default\">\n\t\t\t\t\t<div class=\"elementor-column elementor-col-25 elementor-top-column elementor-element elementor-element-1ff9b20\" data-id=\"1ff9b20\" data-element_type=\"column\">\n\t\t\t<div class=\"elementor-widget-wrap elementor-element-populated\">\n\t\t\t\t\t\t<div class=\"elementor-element elementor-element-30876fa elementor-widget elementor-widget-uael-infobox\" data-id=\"30876fa\" data-element_type=\"widget\" data-widget_type=\"uael-infobox.default\">\n\t\t\t\t<div class=\"elementor-widget-container\">\n\t\t\t\n<div class=\"uael-module-content uael-infobox uael-imgicon-style-custom  infobox-has-photo uael-infobox-photo-above-title  uael-infobox-link-type-button\">\n\t<div class=\"uael-infobox-left-right-wrap\">\n\t\t\t\t\t\t<div class=\"uael-infobox-content\">\n\t\t\t\t\t\t\t<div class=\"uael-module-content uael-imgicon-wrap\">\t\t\t\t\t\t\t\t\t\t\t\n\t\t\t\t\t\t\t\t\t\t\t\t\t\t\t\t<div class=\"uael-image\" itemscope itemtype=\"http:\/\/schema.org\/ImageObject\">\n\t\t\t\t\t\t\t<div class=\"uael-image-content elementor-animation-\">\n\t\t\t\t\t\t\t\t<img fetchpriority=\"high\" decoding=\"async\" width=\"2560\" height=\"1707\" src=\"https:\/\/tropicoirlanka.com\/wp-content\/uploads\/2024\/01\/Easy-Carry-Coco-Blocks-new-scaled.jpg\" class=\"attachment-full size-full wp-image-1735\" alt=\"Easy-Carry-Coco-Blocks\" srcset=\"https:\/\/tropicoirlanka.com\/wp-content\/uploads\/2024\/01\/Easy-Carry-Coco-Blocks-new-scaled.jpg 2560w, https:\/\/tropicoirlanka.com\/wp-content\/uploads\/2024\/01\/Easy-Carry-Coco-Blocks-new-300x200.jpg 300w, https:\/\/tropicoirlanka.com\/wp-content\/uploads\/2024\/01\/Easy-Carry-Coco-Blocks-new-1024x683.jpg 1024w, https:\/\/tropicoirlanka.com\/wp-content\/uploads\/2024\/01\/Easy-Carry-Coco-Blocks-new-768x512.jpg 768w, https:\/\/tropicoirlanka.com\/wp-content\/uploads\/2024\/01\/Easy-Carry-Coco-Blocks-new-1536x1024.jpg 1536w, https:\/\/tropicoirlanka.com\/wp-content\/uploads\/2024\/01\/Easy-Carry-Coco-Blocks-new-2048x1365.jpg 2048w\" sizes=\"(max-width: 2560px) 100vw, 2560px\" \/>\t\t\t\t\t\t\t<\/div>\n\t\t\t\t\t\t<\/div>\n\n\t\t\t\t\t\t\t\t\t<\/div>\n\t\t\t\t\t\t\t<div class='uael-infobox-title-wrap'><h4 class=\"uael-infobox-title elementor-inline-editing\" data-elementor-setting-key=\"infobox_title\" data-elementor-inline-editing-toolbar=\"basic\" >Easy Carry Coco Blocks<\/h4><\/div>\t\t\t\t\t\t\t\t\t<div class=\"uael-infobox-text-wrap\">\n\t\t\t\t<div class=\"uael-infobox-text elementor-inline-editing\" data-elementor-setting-key=\"infobox_description\" data-elementor-inline-editing-toolbar=\"advanced\">\n\t\t\t\t\tProduit le plus \u00e9conomique pour le transport conteneuris\u00e9, les blocs peuvent \u00eatre reconstitu\u00e9s par ajout d'eau \t\t\t\t<\/div>\n\t\t\t\t\t\n\t\t\t\t\t\t\t<div class=\"uael-button-wrapper elementor-button-wrapper\">\n\t\t\t\t<a href=\"https:\/\/tropicoirlanka.com\/products\/diverse-range-of-home-and-garden-products\/easy-carry-coco-blocks\/\" class=\"elementor-button-link  elementor-button elementor-size-sm\">\n\t\t\t\t\t\t\t<span class=\"elementor-button-content-wrapper\">\n\t\t\t\t\t\t\t\t\t\t\t\t\t\t\t\t<span class=\"elementor-align-icon-right elementor-button-icon\">\n\t\t\t\t\t\t\t\t\t\t\t<\/span>\n\t\t\t\t\t\t\t\n\t\t\t<span class=\"elementor-button-text elementor-inline-editing\"  data-elementor-setting-key=\"infobox_button_text\" data-elementor-inline-editing-toolbar=\"none\"><span>En savoir plus<\/span><\/span>\n\t\t<\/span>\n\t\t\t\t\t\t<\/a>\n\t\t\t<\/div>\n\t\t\t\t\t\t<\/div>\n\t\t<\/div>\n\t\t\t<\/div>\n<\/div>\n\t\t<\/div>\n\t\t\t\t<\/div>\n\t\t\t\t\t<\/div>\n\t\t<\/div>\n\t\t\t\t<div class=\"elementor-column elementor-col-25 elementor-top-column elementor-element elementor-element-733acac\" data-id=\"733acac\" data-element_type=\"column\">\n\t\t\t<div class=\"elementor-widget-wrap elementor-element-populated\">\n\t\t\t\t\t\t<div class=\"elementor-element elementor-element-4d96a71 elementor-widget elementor-widget-uael-infobox\" data-id=\"4d96a71\" data-element_type=\"widget\" data-widget_type=\"uael-infobox.default\">\n\t\t\t\t<div class=\"elementor-widget-container\">\n\t\t\t\n<div class=\"uael-module-content uael-infobox uael-imgicon-style-custom  infobox-has-photo uael-infobox-photo-above-title  uael-infobox-link-type-button\">\n\t<div class=\"uael-infobox-left-right-wrap\">\n\t\t\t\t\t\t<div class=\"uael-infobox-content\">\n\t\t\t\t\t\t\t<div class=\"uael-module-content uael-imgicon-wrap\">\t\t\t\t\t\t\t\t\t\t\t\n\t\t\t\t\t\t\t\t\t\t\t\t\t\t\t\t<div class=\"uael-image\" itemscope itemtype=\"http:\/\/schema.org\/ImageObject\">\n\t\t\t\t\t\t\t<div class=\"uael-image-content elementor-animation-\">\n\t\t\t\t\t\t\t\t<img decoding=\"async\" width=\"2560\" height=\"1707\" src=\"https:\/\/tropicoirlanka.com\/wp-content\/uploads\/2024\/01\/pots-scaled.jpg\" class=\"attachment-full size-full wp-image-1736\" alt=\"coco pots\" srcset=\"https:\/\/tropicoirlanka.com\/wp-content\/uploads\/2024\/01\/pots-scaled.jpg 2560w, https:\/\/tropicoirlanka.com\/wp-content\/uploads\/2024\/01\/pots-300x200.jpg 300w, https:\/\/tropicoirlanka.com\/wp-content\/uploads\/2024\/01\/pots-1024x683.jpg 1024w, https:\/\/tropicoirlanka.com\/wp-content\/uploads\/2024\/01\/pots-768x512.jpg 768w, https:\/\/tropicoirlanka.com\/wp-content\/uploads\/2024\/01\/pots-1536x1024.jpg 1536w, https:\/\/tropicoirlanka.com\/wp-content\/uploads\/2024\/01\/pots-2048x1365.jpg 2048w\" sizes=\"(max-width: 2560px) 100vw, 2560px\" \/>\t\t\t\t\t\t\t<\/div>\n\t\t\t\t\t\t<\/div>\n\n\t\t\t\t\t\t\t\t\t<\/div>\n\t\t\t\t\t\t\t<div class='uael-infobox-title-wrap'><h4 class=\"uael-infobox-title elementor-inline-editing\" data-elementor-setting-key=\"infobox_title\" data-elementor-inline-editing-toolbar=\"basic\" >Coir pots<\/h4><\/div>\t\t\t\t\t\t\t\t\t<div class=\"uael-infobox-text-wrap\">\n\t\t\t\t<div class=\"uael-infobox-text elementor-inline-editing\" data-elementor-setting-key=\"infobox_description\" data-elementor-inline-editing-toolbar=\"advanced\">\n\t\t\t\t\tFabriqu\u00e9s \u00e0 partir de fibre de coco, les pots en fibre de coco sont compress\u00e9s \u00e0 la machine et sont disponibles en diff\u00e9rentes tailles, adapt\u00e9s aux applications du client.\n.\t\t\t\t<\/div>\n\t\t\t\t\t\n\t\t\t\t\t\t\t<div class=\"uael-button-wrapper elementor-button-wrapper\">\n\t\t\t\t<a href=\"https:\/\/tropicoirlanka.com\/products\/diverse-range-of-home-and-garden-products\/coir-pots\/\" class=\"elementor-button-link  elementor-button elementor-size-sm\">\n\t\t\t\t\t\t\t<span class=\"elementor-button-content-wrapper\">\n\t\t\t\t\t\t\t\t\t\t\t\t\t\t\t\t<span class=\"elementor-align-icon-right elementor-button-icon\">\n\t\t\t\t\t\t\t\t\t\t\t<\/span>\n\t\t\t\t\t\t\t\n\t\t\t<span class=\"elementor-button-text elementor-inline-editing\"  data-elementor-setting-key=\"infobox_button_text\" data-elementor-inline-editing-toolbar=\"none\"><span>En savoir plus<\/span><\/span>\n\t\t<\/span>\n\t\t\t\t\t\t<\/a>\n\t\t\t<\/div>\n\t\t\t\t\t\t<\/div>\n\t\t<\/div>\n\t\t\t<\/div>\n<\/div>\n\t\t<\/div>\n\t\t\t\t<\/div>\n\t\t\t\t\t<\/div>\n\t\t<\/div>\n\t\t\t\t<div class=\"elementor-column elementor-col-25 elementor-top-column elementor-element elementor-element-6e6ef2a\" data-id=\"6e6ef2a\" data-element_type=\"column\">\n\t\t\t<div class=\"elementor-widget-wrap elementor-element-populated\">\n\t\t\t\t\t\t<div class=\"elementor-element elementor-element-e0efaf0 elementor-widget elementor-widget-uael-infobox\" data-id=\"e0efaf0\" data-element_type=\"widget\" data-widget_type=\"uael-infobox.default\">\n\t\t\t\t<div class=\"elementor-widget-container\">\n\t\t\t\n<div class=\"uael-module-content uael-infobox uael-imgicon-style-custom  infobox-has-photo uael-infobox-photo-above-title  uael-infobox-link-type-button\">\n\t<div class=\"uael-infobox-left-right-wrap\">\n\t\t\t\t\t\t<div class=\"uael-infobox-content\">\n\t\t\t\t\t\t\t<div class=\"uael-module-content uael-imgicon-wrap\">\t\t\t\t\t\t\t\t\t\t\t\n\t\t\t\t\t\t\t\t\t\t\t\t\t\t\t\t<div class=\"uael-image\" itemscope itemtype=\"http:\/\/schema.org\/ImageObject\">\n\t\t\t\t\t\t\t<div class=\"uael-image-content elementor-animation-\">\n\t\t\t\t\t\t\t\t<img decoding=\"async\" width=\"2560\" height=\"1707\" src=\"https:\/\/tropicoirlanka.com\/wp-content\/uploads\/2024\/01\/Hobby-Garden-1-scaled.jpg\" class=\"attachment-full size-full wp-image-1738\" alt=\"Hobby-Garden\" srcset=\"https:\/\/tropicoirlanka.com\/wp-content\/uploads\/2024\/01\/Hobby-Garden-1-scaled.jpg 2560w, https:\/\/tropicoirlanka.com\/wp-content\/uploads\/2024\/01\/Hobby-Garden-1-300x200.jpg 300w, https:\/\/tropicoirlanka.com\/wp-content\/uploads\/2024\/01\/Hobby-Garden-1-1024x683.jpg 1024w, https:\/\/tropicoirlanka.com\/wp-content\/uploads\/2024\/01\/Hobby-Garden-1-768x512.jpg 768w, https:\/\/tropicoirlanka.com\/wp-content\/uploads\/2024\/01\/Hobby-Garden-1-1536x1024.jpg 1536w, https:\/\/tropicoirlanka.com\/wp-content\/uploads\/2024\/01\/Hobby-Garden-1-2048x1365.jpg 2048w\" sizes=\"(max-width: 2560px) 100vw, 2560px\" \/>\t\t\t\t\t\t\t<\/div>\n\t\t\t\t\t\t<\/div>\n\n\t\t\t\t\t\t\t\t\t<\/div>\n\t\t\t\t\t\t\t<div class='uael-infobox-title-wrap'><h4 class=\"uael-infobox-title elementor-inline-editing\" data-elementor-setting-key=\"infobox_title\" data-elementor-inline-editing-toolbar=\"basic\" >Hobby Garden<\/h4><\/div>\t\t\t\t\t\t\t\t\t<div class=\"uael-infobox-text-wrap\">\n\t\t\t\t<div class=\"uael-infobox-text elementor-inline-editing\" data-elementor-setting-key=\"infobox_description\" data-elementor-inline-editing-toolbar=\"advanced\">\n\t\t\t\t\tTransformez votre terrasse, votre balcon ou votre jardini\u00e8re en un jardin miniature tout en vous livrant au jardinage.\t\t\t\t<\/div>\n\t\t\t\t\t\n\t\t\t\t\t\t\t<div class=\"uael-button-wrapper elementor-button-wrapper\">\n\t\t\t\t<a href=\"https:\/\/tropicoirlanka.com\/products\/diverse-range-of-home-and-garden-products\/hobby-garden\/\" class=\"elementor-button-link  elementor-button elementor-size-sm\">\n\t\t\t\t\t\t\t<span class=\"elementor-button-content-wrapper\">\n\t\t\t\t\t\t\t\t\t\t\t\t\t\t\t\t<span class=\"elementor-align-icon-right elementor-button-icon\">\n\t\t\t\t\t\t\t\t\t\t\t<\/span>\n\t\t\t\t\t\t\t\n\t\t\t<span class=\"elementor-button-text elementor-inline-editing\"  data-elementor-setting-key=\"infobox_button_text\" data-elementor-inline-editing-toolbar=\"none\"><span>En savoir plus<\/span><\/span>\n\t\t<\/span>\n\t\t\t\t\t\t<\/a>\n\t\t\t<\/div>\n\t\t\t\t\t\t<\/div>\n\t\t<\/div>\n\t\t\t<\/div>\n<\/div>\n\t\t<\/div>\n\t\t\t\t<\/div>\n\t\t\t\t\t<\/div>\n\t\t<\/div>\n\t\t\t\t<div class=\"elementor-column elementor-col-25 elementor-top-column elementor-element elementor-element-e735406\" data-id=\"e735406\" data-element_type=\"column\">\n\t\t\t<div class=\"elementor-widget-wrap elementor-element-populated\">\n\t\t\t\t\t\t<div class=\"elementor-element elementor-element-227c55a elementor-widget elementor-widget-uael-infobox\" data-id=\"227c55a\" data-element_type=\"widget\" data-widget_type=\"uael-infobox.default\">\n\t\t\t\t<div class=\"elementor-widget-container\">\n\t\t\t\n<div class=\"uael-module-content uael-infobox uael-imgicon-style-custom  infobox-has-photo uael-infobox-photo-above-title  uael-infobox-link-type-button\">\n\t<div class=\"uael-infobox-left-right-wrap\">\n\t\t\t\t\t\t<div class=\"uael-infobox-content\">\n\t\t\t\t\t\t\t<div class=\"uael-module-content uael-imgicon-wrap\">\t\t\t\t\t\t\t\t\t\t\t\n\t\t\t\t\t\t\t\t\t\t\t\t\t\t\t\t<div class=\"uael-image\" itemscope itemtype=\"http:\/\/schema.org\/ImageObject\">\n\t\t\t\t\t\t\t<div class=\"uael-image-content elementor-animation-\">\n\t\t\t\t\t\t\t\t<img loading=\"lazy\" decoding=\"async\" width=\"2560\" height=\"1707\" src=\"https:\/\/tropicoirlanka.com\/wp-content\/uploads\/2024\/01\/Mulch-scaled.jpg\" class=\"attachment-full size-full wp-image-1739\" alt=\"Coco mulch\" srcset=\"https:\/\/tropicoirlanka.com\/wp-content\/uploads\/2024\/01\/Mulch-scaled.jpg 2560w, https:\/\/tropicoirlanka.com\/wp-content\/uploads\/2024\/01\/Mulch-300x200.jpg 300w, https:\/\/tropicoirlanka.com\/wp-content\/uploads\/2024\/01\/Mulch-1024x683.jpg 1024w, https:\/\/tropicoirlanka.com\/wp-content\/uploads\/2024\/01\/Mulch-768x512.jpg 768w, https:\/\/tropicoirlanka.com\/wp-content\/uploads\/2024\/01\/Mulch-1536x1024.jpg 1536w, https:\/\/tropicoirlanka.com\/wp-content\/uploads\/2024\/01\/Mulch-2048x1365.jpg 2048w\" sizes=\"(max-width: 2560px) 100vw, 2560px\" \/>\t\t\t\t\t\t\t<\/div>\n\t\t\t\t\t\t<\/div>\n\n\t\t\t\t\t\t\t\t\t<\/div>\n\t\t\t\t\t\t\t<div class='uael-infobox-title-wrap'><h4 class=\"uael-infobox-title elementor-inline-editing\" data-elementor-setting-key=\"infobox_title\" data-elementor-inline-editing-toolbar=\"basic\" >Mulch<\/h4><\/div>\t\t\t\t\t\t\t\t\t<div class=\"uael-infobox-text-wrap\">\n\t\t\t\t<div class=\"uael-infobox-text elementor-inline-editing\" data-elementor-setting-key=\"infobox_description\" data-elementor-inline-editing-toolbar=\"advanced\">\n\t\t\t\t\tfonctionne comme une couverture pour les jardins en gardant le sol frais en \u00e9t\u00e9, chaud en hiver et humide toute l'ann\u00e9e. produit pour toutes les saisons. \t\t\t\t<\/div>\n\t\t\t\t\t\n\t\t\t\t\t\t\t<div class=\"uael-button-wrapper elementor-button-wrapper\">\n\t\t\t\t<a href=\"https:\/\/tropicoirlanka.com\/products\/diverse-range-of-home-and-garden-products\/mulch\/\" class=\"elementor-button-link  elementor-button elementor-size-sm\">\n\t\t\t\t\t\t\t<span class=\"elementor-button-content-wrapper\">\n\t\t\t\t\t\t\t\t\t\t\t\t\t\t\t\t<span class=\"elementor-align-icon-right elementor-button-icon\">\n\t\t\t\t\t\t\t\t\t\t\t<\/span>\n\t\t\t\t\t\t\t\n\t\t\t<span class=\"elementor-button-text elementor-inline-editing\"  data-elementor-setting-key=\"infobox_button_text\" data-elementor-inline-editing-toolbar=\"none\"><span>En savoir plus<\/span><\/span>\n\t\t<\/span>\n\t\t\t\t\t\t<\/a>\n\t\t\t<\/div>\n\t\t\t\t\t\t<\/div>\n\t\t<\/div>\n\t\t\t<\/div>\n<\/div>\n\t\t<\/div>\n\t\t\t\t<\/div>\n\t\t\t\t\t<\/div>\n\t\t<\/div>\n\t\t\t\t\t<\/div>\n\t\t<\/section>\n\t\t\t\t<\/div>","protected":false},"excerpt":{"rendered":"<p>Home pack The most innovative product in Home Gardening. \u00a0 This pre-fertilized compact coco potting soil expands and transforms into a ready-to-use container of potting soil, just by adding water. The potting soil contains a carefully selected blend of nutrients which nurtures your plant over several months. Material Type Standard basic coco peat or crushed [&hellip;]<\/p>","protected":false},"author":2,"featured_media":0,"parent":321,"menu_order":0,"comment_status":"closed","ping_status":"closed","template":"elementor_header_footer","meta":{"footnotes":""},"class_list":["post-329","page","type-page","status-publish","hentry"],"_links":{"self":[{"href":"https:\/\/tropicoirlanka.com\/french\/wp-json\/wp\/v2\/pages\/329","targetHints":{"allow":["GET"]}}],"collection":[{"href":"https:\/\/tropicoirlanka.com\/french\/wp-json\/wp\/v2\/pages"}],"about":[{"href":"https:\/\/tropicoirlanka.com\/french\/wp-json\/wp\/v2\/types\/page"}],"author":[{"embeddable":true,"href":"https:\/\/tropicoirlanka.com\/french\/wp-json\/wp\/v2\/users\/2"}],"replies":[{"embeddable":true,"href":"https:\/\/tropicoirlanka.com\/french\/wp-json\/wp\/v2\/comments?post=329"}],"version-history":[{"count":37,"href":"https:\/\/tropicoirlanka.com\/french\/wp-json\/wp\/v2\/pages\/329\/revisions"}],"predecessor-version":[{"id":2777,"href":"https:\/\/tropicoirlanka.com\/french\/wp-json\/wp\/v2\/pages\/329\/revisions\/2777"}],"up":[{"embeddable":true,"href":"https:\/\/tropicoirlanka.com\/french\/wp-json\/wp\/v2\/pages\/321"}],"wp:attachment":[{"href":"https:\/\/tropicoirlanka.com\/french\/wp-json\/wp\/v2\/media?parent=329"}],"curies":[{"name":"wp","href":"https:\/\/api.w.org\/{rel}","templated":true}]}}