{"id":333,"date":"2024-01-16T07:33:31","date_gmt":"2024-01-16T07:33:31","guid":{"rendered":"https:\/\/avradesign.com\/tropi\/?page_id=333"},"modified":"2024-02-21T04:29:13","modified_gmt":"2024-02-21T04:29:13","slug":"mulch","status":"publish","type":"page","link":"https:\/\/tropicoirlanka.com\/french\/products\/diverse-range-of-home-and-garden-products\/mulch\/","title":{"rendered":"Mulch"},"content":{"rendered":"<div data-elementor-type=\"wp-page\" data-elementor-id=\"333\" class=\"elementor elementor-333\" data-elementor-post-type=\"page\">\n\t\t\t\t\t\t<section data-particle_enable=\"false\" data-particle-mobile-disabled=\"false\" class=\"elementor-section elementor-top-section elementor-element elementor-element-a1e3d52 elementor-section-height-min-height elementor-section-full_width elementor-section-items-stretch elementor-section-height-default\" data-id=\"a1e3d52\" data-element_type=\"section\" data-settings=\"{&quot;background_background&quot;:&quot;classic&quot;}\">\n\t\t\t\t\t\t\t<div class=\"elementor-background-overlay\"><\/div>\n\t\t\t\t\t\t\t<div class=\"elementor-container elementor-column-gap-extended\">\n\t\t\t\t\t<div class=\"elementor-column elementor-col-50 elementor-top-column elementor-element elementor-element-9bf551d elementor-hidden-mobile\" data-id=\"9bf551d\" data-element_type=\"column\">\n\t\t\t<div class=\"elementor-widget-wrap\">\n\t\t\t\t\t\t\t<\/div>\n\t\t<\/div>\n\t\t\t\t<div class=\"elementor-column elementor-col-50 elementor-top-column elementor-element elementor-element-d210c5d\" data-id=\"d210c5d\" data-element_type=\"column\">\n\t\t\t<div class=\"elementor-widget-wrap elementor-element-populated\">\n\t\t\t\t\t\t<div class=\"elementor-element elementor-element-280846c elementor-widget__width-initial animated-slow elementor-invisible elementor-widget elementor-widget-heading\" data-id=\"280846c\" data-element_type=\"widget\" data-settings=\"{&quot;_animation&quot;:&quot;fadeInUp&quot;}\" data-widget_type=\"heading.default\">\n\t\t\t\t<div class=\"elementor-widget-container\">\n\t\t\t<h2 class=\"elementor-heading-title elementor-size-default\">Mulch<\/h2>\t\t<\/div>\n\t\t\t\t<\/div>\n\t\t\t\t\t<\/div>\n\t\t<\/div>\n\t\t\t\t\t<\/div>\n\t\t<\/section>\n\t\t\t\t<section data-particle_enable=\"false\" data-particle-mobile-disabled=\"false\" class=\"elementor-section elementor-top-section elementor-element elementor-element-ae27ea9 elementor-section-boxed elementor-section-height-default elementor-section-height-default\" data-id=\"ae27ea9\" data-element_type=\"section\">\n\t\t\t\t\t\t<div class=\"elementor-container elementor-column-gap-default\">\n\t\t\t\t\t<div class=\"elementor-column elementor-col-100 elementor-top-column elementor-element elementor-element-aaf5be6\" data-id=\"aaf5be6\" data-element_type=\"column\">\n\t\t\t<div class=\"elementor-widget-wrap elementor-element-populated\">\n\t\t\t\t\t\t<section data-particle_enable=\"false\" data-particle-mobile-disabled=\"false\" class=\"elementor-section elementor-inner-section elementor-element elementor-element-38b70b3 elementor-section-boxed elementor-section-height-default elementor-section-height-default\" data-id=\"38b70b3\" data-element_type=\"section\">\n\t\t\t\t\t\t<div class=\"elementor-container elementor-column-gap-default\">\n\t\t\t\t\t<div class=\"elementor-column elementor-col-50 elementor-inner-column elementor-element elementor-element-0b84625\" data-id=\"0b84625\" data-element_type=\"column\">\n\t\t\t<div class=\"elementor-widget-wrap elementor-element-populated\">\n\t\t\t\t\t\t<div class=\"elementor-element elementor-element-96de099 elementor-arrows-position-inside elementor-pagination-position-outside elementor-widget elementor-widget-image-carousel\" data-id=\"96de099\" data-element_type=\"widget\" data-settings=\"{&quot;slides_to_show&quot;:&quot;1&quot;,&quot;navigation&quot;:&quot;both&quot;,&quot;autoplay&quot;:&quot;yes&quot;,&quot;pause_on_hover&quot;:&quot;yes&quot;,&quot;pause_on_interaction&quot;:&quot;yes&quot;,&quot;autoplay_speed&quot;:5000,&quot;infinite&quot;:&quot;yes&quot;,&quot;effect&quot;:&quot;slide&quot;,&quot;speed&quot;:500}\" data-widget_type=\"image-carousel.default\">\n\t\t\t\t<div class=\"elementor-widget-container\">\n\t\t\t\t\t<div class=\"elementor-image-carousel-wrapper swiper\" dir=\"ltr\">\n\t\t\t<div class=\"elementor-image-carousel swiper-wrapper swiper-image-stretch\" aria-live=\"off\">\n\t\t\t\t\t\t\t\t<div class=\"swiper-slide\" role=\"group\" aria-roledescription=\"slide\" aria-label=\"1 sur 2\"><figure class=\"swiper-slide-inner\"><img decoding=\"async\" class=\"swiper-slide-image\" src=\"https:\/\/tropicoirlanka.com\/wp-content\/uploads\/2024\/01\/Mulch-scaled.jpg\" alt=\"Coco mulch\" \/><\/figure><\/div><div class=\"swiper-slide\" role=\"group\" aria-roledescription=\"slide\" aria-label=\"2 sur 2\"><figure class=\"swiper-slide-inner\"><img decoding=\"async\" class=\"swiper-slide-image\" src=\"https:\/\/tropicoirlanka.com\/wp-content\/uploads\/2024\/02\/Mulch-usage.jpg\" alt=\"Mulch-usage\" \/><\/figure><\/div>\t\t\t<\/div>\n\t\t\t\t\t\t\t\t\t\t\t\t<div class=\"elementor-swiper-button elementor-swiper-button-prev\" role=\"button\" tabindex=\"0\">\n\t\t\t\t\t\t<svg aria-hidden=\"true\" class=\"e-font-icon-svg e-eicon-chevron-left\" viewbox=\"0 0 1000 1000\" xmlns=\"http:\/\/www.w3.org\/2000\/svg\"><path d=\"M646 125C629 125 613 133 604 142L308 442C296 454 292 471 292 487 292 504 296 521 308 533L604 854C617 867 629 875 646 875 663 875 679 871 692 858 704 846 713 829 713 812 713 796 708 779 692 767L438 487 692 225C700 217 708 204 708 187 708 171 704 154 692 142 675 129 663 125 646 125Z\"><\/path><\/svg>\t\t\t\t\t<\/div>\n\t\t\t\t\t<div class=\"elementor-swiper-button elementor-swiper-button-next\" role=\"button\" tabindex=\"0\">\n\t\t\t\t\t\t<svg aria-hidden=\"true\" class=\"e-font-icon-svg e-eicon-chevron-right\" viewbox=\"0 0 1000 1000\" xmlns=\"http:\/\/www.w3.org\/2000\/svg\"><path d=\"M696 533C708 521 713 504 713 487 713 471 708 454 696 446L400 146C388 133 375 125 354 125 338 125 325 129 313 142 300 154 292 171 292 187 292 204 296 221 308 233L563 492 304 771C292 783 288 800 288 817 288 833 296 850 308 863 321 871 338 875 354 875 371 875 388 867 400 854L696 533Z\"><\/path><\/svg>\t\t\t\t\t<\/div>\n\t\t\t\t\n\t\t\t\t\t\t\t\t\t<div class=\"swiper-pagination\"><\/div>\n\t\t\t\t\t\t\t\t\t<\/div>\n\t\t\t\t<\/div>\n\t\t\t\t<\/div>\n\t\t\t\t\t<\/div>\n\t\t<\/div>\n\t\t\t\t<div class=\"elementor-column elementor-col-50 elementor-inner-column elementor-element elementor-element-d8bca94\" data-id=\"d8bca94\" data-element_type=\"column\">\n\t\t\t<div class=\"elementor-widget-wrap elementor-element-populated\">\n\t\t\t\t\t\t<div class=\"elementor-element elementor-element-3fa3f9a animated-slow elementor-invisible elementor-widget elementor-widget-text-editor\" data-id=\"3fa3f9a\" data-element_type=\"widget\" data-settings=\"{&quot;_animation&quot;:&quot;fadeIn&quot;}\" data-widget_type=\"text-editor.default\">\n\t\t\t\t<div class=\"elementor-widget-container\">\n\t\t\t\t\t\t\t<p>Coco Mulch est une ressource 100 % biologique et renouvelable compos\u00e9e de coques de noix de coco broy\u00e9es. Il fonctionne comme une couverture thermique pour les jardins en gardant le sol frais en \u00e9t\u00e9, chaud en hiver et humide toute l'ann\u00e9e. C'est un produit pour toutes les saisons.<\/p><h6><span style=\"color: #86a900;\">Mat\u00e9riel<\/span><\/h6><ul><li>\u00c9crasez la coque de noix de coco (particules d'environ 15 mm).<\/li><\/ul><h6><span style=\"color: #86a900;\">Emballage-<\/span><\/h6><ul><li>Option\u00a01\u00a0:\u00a0Blocs nus empil\u00e9s sur des palettes<\/li><li>Option\u00a02\u00a0:\u00a0Chaque bloc est emball\u00e9 individuellement dans un sac d\u00e9coup\u00e9 \u00e0 poign\u00e9e facile \u00e0 transporter en LDPE. Disponible \u00e9galement sous forme d'inserts d'\u00e9tiquettes personnalis\u00e9s.<\/li><\/ul><h6><span style=\"color: #86a900;\">Chargeabilit\u00e9<\/span><\/h6><ul><li>216 blocs par palette standard et 20 de ces palettes par 1\u00d740\u2019 HC = 4320 blocs<\/li><\/ul>\t\t\t\t\t\t<\/div>\n\t\t\t\t<\/div>\n\t\t\t\t\t<\/div>\n\t\t<\/div>\n\t\t\t\t\t<\/div>\n\t\t<\/section>\n\t\t\t\t<section data-particle_enable=\"false\" data-particle-mobile-disabled=\"false\" class=\"elementor-section elementor-inner-section elementor-element elementor-element-ae89759 elementor-section-boxed elementor-section-height-default elementor-section-height-default\" data-id=\"ae89759\" data-element_type=\"section\">\n\t\t\t\t\t\t<div class=\"elementor-container elementor-column-gap-default\">\n\t\t\t\t\t<div class=\"elementor-column elementor-col-100 elementor-inner-column elementor-element elementor-element-b064a25\" data-id=\"b064a25\" data-element_type=\"column\">\n\t\t\t<div class=\"elementor-widget-wrap\">\n\t\t\t\t\t\t\t<\/div>\n\t\t<\/div>\n\t\t\t\t\t<\/div>\n\t\t<\/section>\n\t\t\t\t\t<\/div>\n\t\t<\/div>\n\t\t\t\t\t<\/div>\n\t\t<\/section>\n\t\t\t\t<section data-particle_enable=\"false\" data-particle-mobile-disabled=\"false\" class=\"elementor-section elementor-top-section elementor-element elementor-element-dcbdb1f elementor-section-boxed elementor-section-height-default elementor-section-height-default\" data-id=\"dcbdb1f\" data-element_type=\"section\">\n\t\t\t\t\t\t<div class=\"elementor-container elementor-column-gap-default\">\n\t\t\t\t\t<div class=\"elementor-column elementor-col-100 elementor-top-column elementor-element elementor-element-4f3a034\" data-id=\"4f3a034\" data-element_type=\"column\">\n\t\t\t<div class=\"elementor-widget-wrap elementor-element-populated\">\n\t\t\t\t\t\t<div class=\"elementor-element elementor-element-8fa84d2 elementor-widget elementor-widget-heading\" data-id=\"8fa84d2\" data-element_type=\"widget\" data-widget_type=\"heading.default\">\n\t\t\t\t<div class=\"elementor-widget-container\">\n\t\t\t<h2 class=\"elementor-heading-title elementor-size-default\">Produits connexes<\/h2>\t\t<\/div>\n\t\t\t\t<\/div>\n\t\t\t\t\t<\/div>\n\t\t<\/div>\n\t\t\t\t\t<\/div>\n\t\t<\/section>\n\t\t\t\t<section data-particle_enable=\"false\" data-particle-mobile-disabled=\"false\" class=\"elementor-section elementor-top-section elementor-element elementor-element-54d74fb elementor-section-boxed elementor-section-height-default elementor-section-height-default\" data-id=\"54d74fb\" data-element_type=\"section\">\n\t\t\t\t\t\t<div class=\"elementor-container elementor-column-gap-default\">\n\t\t\t\t\t<div class=\"elementor-column elementor-col-25 elementor-top-column elementor-element elementor-element-88c08a0\" data-id=\"88c08a0\" data-element_type=\"column\">\n\t\t\t<div class=\"elementor-widget-wrap elementor-element-populated\">\n\t\t\t\t\t\t<div class=\"elementor-element elementor-element-c4c0074 elementor-widget elementor-widget-uael-infobox\" data-id=\"c4c0074\" data-element_type=\"widget\" data-widget_type=\"uael-infobox.default\">\n\t\t\t\t<div class=\"elementor-widget-container\">\n\t\t\t\n<div class=\"uael-module-content uael-infobox uael-imgicon-style-custom  infobox-has-photo uael-infobox-photo-above-title  uael-infobox-link-type-button\">\n\t<div class=\"uael-infobox-left-right-wrap\">\n\t\t\t\t\t\t<div class=\"uael-infobox-content\">\n\t\t\t\t\t\t\t<div class=\"uael-module-content uael-imgicon-wrap\">\t\t\t\t\t\t\t\t\t\t\t\n\t\t\t\t\t\t\t\t\t\t\t\t\t\t\t\t<div class=\"uael-image\" itemscope itemtype=\"http:\/\/schema.org\/ImageObject\">\n\t\t\t\t\t\t\t<div class=\"uael-image-content elementor-animation-\">\n\t\t\t\t\t\t\t\t<img fetchpriority=\"high\" decoding=\"async\" width=\"2560\" height=\"1707\" src=\"https:\/\/tropicoirlanka.com\/wp-content\/uploads\/2024\/01\/Easy-Carry-Coco-Blocks-new-scaled.jpg\" class=\"attachment-full size-full wp-image-1735\" alt=\"Easy-Carry-Coco-Blocks\" srcset=\"https:\/\/tropicoirlanka.com\/wp-content\/uploads\/2024\/01\/Easy-Carry-Coco-Blocks-new-scaled.jpg 2560w, https:\/\/tropicoirlanka.com\/wp-content\/uploads\/2024\/01\/Easy-Carry-Coco-Blocks-new-300x200.jpg 300w, https:\/\/tropicoirlanka.com\/wp-content\/uploads\/2024\/01\/Easy-Carry-Coco-Blocks-new-1024x683.jpg 1024w, https:\/\/tropicoirlanka.com\/wp-content\/uploads\/2024\/01\/Easy-Carry-Coco-Blocks-new-768x512.jpg 768w, https:\/\/tropicoirlanka.com\/wp-content\/uploads\/2024\/01\/Easy-Carry-Coco-Blocks-new-1536x1024.jpg 1536w, https:\/\/tropicoirlanka.com\/wp-content\/uploads\/2024\/01\/Easy-Carry-Coco-Blocks-new-2048x1365.jpg 2048w\" sizes=\"(max-width: 2560px) 100vw, 2560px\" \/>\t\t\t\t\t\t\t<\/div>\n\t\t\t\t\t\t<\/div>\n\n\t\t\t\t\t\t\t\t\t<\/div>\n\t\t\t\t\t\t\t<div class='uael-infobox-title-wrap'><h4 class=\"uael-infobox-title elementor-inline-editing\" data-elementor-setting-key=\"infobox_title\" data-elementor-inline-editing-toolbar=\"basic\" >Easy Carry Coco Blocks<\/h4><\/div>\t\t\t\t\t\t\t\t\t<div class=\"uael-infobox-text-wrap\">\n\t\t\t\t<div class=\"uael-infobox-text elementor-inline-editing\" data-elementor-setting-key=\"infobox_description\" data-elementor-inline-editing-toolbar=\"advanced\">\n\t\t\t\t\tProduit le plus \u00e9conomique pour le transport conteneuris\u00e9, les blocs peuvent \u00eatre reconstitu\u00e9s par ajout d'eau \t\t\t\t<\/div>\n\t\t\t\t\t\n\t\t\t\t\t\t\t<div class=\"uael-button-wrapper elementor-button-wrapper\">\n\t\t\t\t<a href=\"https:\/\/tropicoirlanka.com\/products\/diverse-range-of-home-and-garden-products\/easy-carry-coco-blocks\/\" class=\"elementor-button-link  elementor-button elementor-size-sm\">\n\t\t\t\t\t\t\t<span class=\"elementor-button-content-wrapper\">\n\t\t\t\t\t\t\t\t\t\t\t\t\t\t\t\t<span class=\"elementor-align-icon-right elementor-button-icon\">\n\t\t\t\t\t\t\t\t\t\t\t<\/span>\n\t\t\t\t\t\t\t\n\t\t\t<span class=\"elementor-button-text elementor-inline-editing\"  data-elementor-setting-key=\"infobox_button_text\" data-elementor-inline-editing-toolbar=\"none\">En savoir plus<\/span>\n\t\t<\/span>\n\t\t\t\t\t\t<\/a>\n\t\t\t<\/div>\n\t\t\t\t\t\t<\/div>\n\t\t<\/div>\n\t\t\t<\/div>\n<\/div>\n\t\t<\/div>\n\t\t\t\t<\/div>\n\t\t\t\t\t<\/div>\n\t\t<\/div>\n\t\t\t\t<div class=\"elementor-column elementor-col-25 elementor-top-column elementor-element elementor-element-4a92830\" data-id=\"4a92830\" data-element_type=\"column\">\n\t\t\t<div class=\"elementor-widget-wrap elementor-element-populated\">\n\t\t\t\t\t\t<div class=\"elementor-element elementor-element-d2f5cd7 elementor-widget elementor-widget-uael-infobox\" data-id=\"d2f5cd7\" data-element_type=\"widget\" data-widget_type=\"uael-infobox.default\">\n\t\t\t\t<div class=\"elementor-widget-container\">\n\t\t\t\n<div class=\"uael-module-content uael-infobox uael-imgicon-style-custom  infobox-has-photo uael-infobox-photo-above-title  uael-infobox-link-type-button\">\n\t<div class=\"uael-infobox-left-right-wrap\">\n\t\t\t\t\t\t<div class=\"uael-infobox-content\">\n\t\t\t\t\t\t\t<div class=\"uael-module-content uael-imgicon-wrap\">\t\t\t\t\t\t\t\t\t\t\t\n\t\t\t\t\t\t\t\t\t\t\t\t\t\t\t\t<div class=\"uael-image\" itemscope itemtype=\"http:\/\/schema.org\/ImageObject\">\n\t\t\t\t\t\t\t<div class=\"uael-image-content elementor-animation-\">\n\t\t\t\t\t\t\t\t<img decoding=\"async\" width=\"2560\" height=\"1707\" src=\"https:\/\/tropicoirlanka.com\/wp-content\/uploads\/2024\/01\/pots-scaled.jpg\" class=\"attachment-full size-full wp-image-1736\" alt=\"coco pots\" srcset=\"https:\/\/tropicoirlanka.com\/wp-content\/uploads\/2024\/01\/pots-scaled.jpg 2560w, https:\/\/tropicoirlanka.com\/wp-content\/uploads\/2024\/01\/pots-300x200.jpg 300w, https:\/\/tropicoirlanka.com\/wp-content\/uploads\/2024\/01\/pots-1024x683.jpg 1024w, https:\/\/tropicoirlanka.com\/wp-content\/uploads\/2024\/01\/pots-768x512.jpg 768w, https:\/\/tropicoirlanka.com\/wp-content\/uploads\/2024\/01\/pots-1536x1024.jpg 1536w, https:\/\/tropicoirlanka.com\/wp-content\/uploads\/2024\/01\/pots-2048x1365.jpg 2048w\" sizes=\"(max-width: 2560px) 100vw, 2560px\" \/>\t\t\t\t\t\t\t<\/div>\n\t\t\t\t\t\t<\/div>\n\n\t\t\t\t\t\t\t\t\t<\/div>\n\t\t\t\t\t\t\t<div class='uael-infobox-title-wrap'><h4 class=\"uael-infobox-title elementor-inline-editing\" data-elementor-setting-key=\"infobox_title\" data-elementor-inline-editing-toolbar=\"basic\" >Coir pots<\/h4><\/div>\t\t\t\t\t\t\t\t\t<div class=\"uael-infobox-text-wrap\">\n\t\t\t\t<div class=\"uael-infobox-text elementor-inline-editing\" data-elementor-setting-key=\"infobox_description\" data-elementor-inline-editing-toolbar=\"advanced\">\n\t\t\t\t\tFabriqu\u00e9s \u00e0 partir de fibre de coco, les pots en fibre de coco sont compress\u00e9s \u00e0 la machine et sont disponibles en diff\u00e9rentes tailles, adapt\u00e9s aux applications du client.\n.\t\t\t\t<\/div>\n\t\t\t\t\t\n\t\t\t\t\t\t\t<div class=\"uael-button-wrapper elementor-button-wrapper\">\n\t\t\t\t<a href=\"https:\/\/tropicoirlanka.com\/products\/diverse-range-of-home-and-garden-products\/coir-pots\/\" class=\"elementor-button-link  elementor-button elementor-size-sm\">\n\t\t\t\t\t\t\t<span class=\"elementor-button-content-wrapper\">\n\t\t\t\t\t\t\t\t\t\t\t\t\t\t\t\t<span class=\"elementor-align-icon-right elementor-button-icon\">\n\t\t\t\t\t\t\t\t\t\t\t<\/span>\n\t\t\t\t\t\t\t\n\t\t\t<span class=\"elementor-button-text elementor-inline-editing\"  data-elementor-setting-key=\"infobox_button_text\" data-elementor-inline-editing-toolbar=\"none\"><span>En savoir plus<\/span><\/span>\n\t\t<\/span>\n\t\t\t\t\t\t<\/a>\n\t\t\t<\/div>\n\t\t\t\t\t\t<\/div>\n\t\t<\/div>\n\t\t\t<\/div>\n<\/div>\n\t\t<\/div>\n\t\t\t\t<\/div>\n\t\t\t\t\t<\/div>\n\t\t<\/div>\n\t\t\t\t<div class=\"elementor-column elementor-col-25 elementor-top-column elementor-element elementor-element-eaeeb2e\" data-id=\"eaeeb2e\" data-element_type=\"column\">\n\t\t\t<div class=\"elementor-widget-wrap elementor-element-populated\">\n\t\t\t\t\t\t<div class=\"elementor-element elementor-element-9166c66 elementor-widget elementor-widget-uael-infobox\" data-id=\"9166c66\" data-element_type=\"widget\" data-widget_type=\"uael-infobox.default\">\n\t\t\t\t<div class=\"elementor-widget-container\">\n\t\t\t\n<div class=\"uael-module-content uael-infobox uael-imgicon-style-custom  infobox-has-photo uael-infobox-photo-above-title  uael-infobox-link-type-button\">\n\t<div class=\"uael-infobox-left-right-wrap\">\n\t\t\t\t\t\t<div class=\"uael-infobox-content\">\n\t\t\t\t\t\t\t<div class=\"uael-module-content uael-imgicon-wrap\">\t\t\t\t\t\t\t\t\t\t\t\n\t\t\t\t\t\t\t\t\t\t\t\t\t\t\t\t<div class=\"uael-image\" itemscope itemtype=\"http:\/\/schema.org\/ImageObject\">\n\t\t\t\t\t\t\t<div class=\"uael-image-content elementor-animation-\">\n\t\t\t\t\t\t\t\t<img decoding=\"async\" width=\"2560\" height=\"1707\" src=\"https:\/\/tropicoirlanka.com\/wp-content\/uploads\/2024\/01\/Home-Pack-scaled-1.jpg\" class=\"attachment-full size-full wp-image-2774\" alt=\"\" srcset=\"https:\/\/tropicoirlanka.com\/wp-content\/uploads\/2024\/01\/Home-Pack-scaled-1.jpg 2560w, https:\/\/tropicoirlanka.com\/wp-content\/uploads\/2024\/01\/Home-Pack-scaled-1-300x200.jpg 300w, https:\/\/tropicoirlanka.com\/wp-content\/uploads\/2024\/01\/Home-Pack-scaled-1-1024x683.jpg 1024w, https:\/\/tropicoirlanka.com\/wp-content\/uploads\/2024\/01\/Home-Pack-scaled-1-768x512.jpg 768w, https:\/\/tropicoirlanka.com\/wp-content\/uploads\/2024\/01\/Home-Pack-scaled-1-1536x1024.jpg 1536w, https:\/\/tropicoirlanka.com\/wp-content\/uploads\/2024\/01\/Home-Pack-scaled-1-2048x1366.jpg 2048w\" sizes=\"(max-width: 2560px) 100vw, 2560px\" \/>\t\t\t\t\t\t\t<\/div>\n\t\t\t\t\t\t<\/div>\n\n\t\t\t\t\t\t\t\t\t<\/div>\n\t\t\t\t\t\t\t<div class='uael-infobox-title-wrap'><h4 class=\"uael-infobox-title elementor-inline-editing\" data-elementor-setting-key=\"infobox_title\" data-elementor-inline-editing-toolbar=\"basic\" >Home Pack<\/h4><\/div>\t\t\t\t\t\t\t\t\t<div class=\"uael-infobox-text-wrap\">\n\t\t\t\t<div class=\"uael-infobox-text elementor-inline-editing\" data-elementor-setting-key=\"infobox_description\" data-elementor-inline-editing-toolbar=\"advanced\">\n\t\t\t\t\tLe terreau contient un m\u00e9lange de nutriments soigneusement s\u00e9lectionn\u00e9s qui nourrissent votre plante pendant plusieurs mois. \t\t\t\t<\/div>\n\t\t\t\t\t\n\t\t\t\t\t\t\t<div class=\"uael-button-wrapper elementor-button-wrapper\">\n\t\t\t\t<a href=\"https:\/\/tropicoirlanka.com\/products\/diverse-range-of-home-and-garden-products\/home-pack\/\" class=\"elementor-button-link  elementor-button elementor-size-sm\">\n\t\t\t\t\t\t\t<span class=\"elementor-button-content-wrapper\">\n\t\t\t\t\t\t\t\t\t\t\t\t\t\t\t\t<span class=\"elementor-align-icon-right elementor-button-icon\">\n\t\t\t\t\t\t\t\t\t\t\t<\/span>\n\t\t\t\t\t\t\t\n\t\t\t<span class=\"elementor-button-text elementor-inline-editing\"  data-elementor-setting-key=\"infobox_button_text\" data-elementor-inline-editing-toolbar=\"none\"><span>En savoir plus<\/span><\/span>\n\t\t<\/span>\n\t\t\t\t\t\t<\/a>\n\t\t\t<\/div>\n\t\t\t\t\t\t<\/div>\n\t\t<\/div>\n\t\t\t<\/div>\n<\/div>\n\t\t<\/div>\n\t\t\t\t<\/div>\n\t\t\t\t\t<\/div>\n\t\t<\/div>\n\t\t\t\t<div class=\"elementor-column elementor-col-25 elementor-top-column elementor-element elementor-element-ab318fc\" data-id=\"ab318fc\" data-element_type=\"column\">\n\t\t\t<div class=\"elementor-widget-wrap elementor-element-populated\">\n\t\t\t\t\t\t<div class=\"elementor-element elementor-element-67730e2 elementor-widget elementor-widget-uael-infobox\" data-id=\"67730e2\" data-element_type=\"widget\" data-widget_type=\"uael-infobox.default\">\n\t\t\t\t<div class=\"elementor-widget-container\">\n\t\t\t\n<div class=\"uael-module-content uael-infobox uael-imgicon-style-custom  infobox-has-photo uael-infobox-photo-above-title  uael-infobox-link-type-button\">\n\t<div class=\"uael-infobox-left-right-wrap\">\n\t\t\t\t\t\t<div class=\"uael-infobox-content\">\n\t\t\t\t\t\t\t<div class=\"uael-module-content uael-imgicon-wrap\">\t\t\t\t\t\t\t\t\t\t\t\n\t\t\t\t\t\t\t\t\t\t\t\t\t\t\t\t<div class=\"uael-image\" itemscope itemtype=\"http:\/\/schema.org\/ImageObject\">\n\t\t\t\t\t\t\t<div class=\"uael-image-content elementor-animation-\">\n\t\t\t\t\t\t\t\t<img loading=\"lazy\" decoding=\"async\" width=\"2560\" height=\"1707\" src=\"https:\/\/tropicoirlanka.com\/wp-content\/uploads\/2024\/01\/Hobby-Garden-1-scaled.jpg\" class=\"attachment-full size-full wp-image-1738\" alt=\"Hobby-Garden\" srcset=\"https:\/\/tropicoirlanka.com\/wp-content\/uploads\/2024\/01\/Hobby-Garden-1-scaled.jpg 2560w, https:\/\/tropicoirlanka.com\/wp-content\/uploads\/2024\/01\/Hobby-Garden-1-300x200.jpg 300w, https:\/\/tropicoirlanka.com\/wp-content\/uploads\/2024\/01\/Hobby-Garden-1-1024x683.jpg 1024w, https:\/\/tropicoirlanka.com\/wp-content\/uploads\/2024\/01\/Hobby-Garden-1-768x512.jpg 768w, https:\/\/tropicoirlanka.com\/wp-content\/uploads\/2024\/01\/Hobby-Garden-1-1536x1024.jpg 1536w, https:\/\/tropicoirlanka.com\/wp-content\/uploads\/2024\/01\/Hobby-Garden-1-2048x1365.jpg 2048w\" sizes=\"(max-width: 2560px) 100vw, 2560px\" \/>\t\t\t\t\t\t\t<\/div>\n\t\t\t\t\t\t<\/div>\n\n\t\t\t\t\t\t\t\t\t<\/div>\n\t\t\t\t\t\t\t<div class='uael-infobox-title-wrap'><h4 class=\"uael-infobox-title elementor-inline-editing\" data-elementor-setting-key=\"infobox_title\" data-elementor-inline-editing-toolbar=\"basic\" >Hobby Garden<\/h4><\/div>\t\t\t\t\t\t\t\t\t<div class=\"uael-infobox-text-wrap\">\n\t\t\t\t<div class=\"uael-infobox-text elementor-inline-editing\" data-elementor-setting-key=\"infobox_description\" data-elementor-inline-editing-toolbar=\"advanced\">\n\t\t\t\t\tfonctionne comme une couverture pour les jardins en gardant le sol frais en \u00e9t\u00e9, chaud en hiver et humide toute l'ann\u00e9e. produit pour toutes les saisons. \t\t\t\t<\/div>\n\t\t\t\t\t\n\t\t\t\t\t\t\t<div class=\"uael-button-wrapper elementor-button-wrapper\">\n\t\t\t\t<a href=\"https:\/\/tropicoirlanka.com\/products\/diverse-range-of-home-and-garden-products\/hobby-garden\/\" class=\"elementor-button-link  elementor-button elementor-size-sm\">\n\t\t\t\t\t\t\t<span class=\"elementor-button-content-wrapper\">\n\t\t\t\t\t\t\t\t\t\t\t\t\t\t\t\t<span class=\"elementor-align-icon-right elementor-button-icon\">\n\t\t\t\t\t\t\t\t\t\t\t<\/span>\n\t\t\t\t\t\t\t\n\t\t\t<span class=\"elementor-button-text elementor-inline-editing\"  data-elementor-setting-key=\"infobox_button_text\" data-elementor-inline-editing-toolbar=\"none\"><span>En savoir plus<\/span><\/span>\n\t\t<\/span>\n\t\t\t\t\t\t<\/a>\n\t\t\t<\/div>\n\t\t\t\t\t\t<\/div>\n\t\t<\/div>\n\t\t\t<\/div>\n<\/div>\n\t\t<\/div>\n\t\t\t\t<\/div>\n\t\t\t\t\t<\/div>\n\t\t<\/div>\n\t\t\t\t\t<\/div>\n\t\t<\/section>\n\t\t\t\t<\/div>","protected":false},"excerpt":{"rendered":"<p>Mulch Coco Mulch is a 100% organic, renewable resource made of crushed coconut husks. It works as a thermal blanket for gardens keeping soil cool in summer, warm in winter and moist all year round. It is a product for all seasons. Material Crush coconut husk (approximately 15mm particles). Packing Option 1:\u00a0 Naked blocks stacked [&hellip;]<\/p>","protected":false},"author":2,"featured_media":0,"parent":321,"menu_order":0,"comment_status":"closed","ping_status":"closed","template":"elementor_header_footer","meta":{"footnotes":""},"class_list":["post-333","page","type-page","status-publish","hentry"],"_links":{"self":[{"href":"https:\/\/tropicoirlanka.com\/french\/wp-json\/wp\/v2\/pages\/333","targetHints":{"allow":["GET"]}}],"collection":[{"href":"https:\/\/tropicoirlanka.com\/french\/wp-json\/wp\/v2\/pages"}],"about":[{"href":"https:\/\/tropicoirlanka.com\/french\/wp-json\/wp\/v2\/types\/page"}],"author":[{"embeddable":true,"href":"https:\/\/tropicoirlanka.com\/french\/wp-json\/wp\/v2\/users\/2"}],"replies":[{"embeddable":true,"href":"https:\/\/tropicoirlanka.com\/french\/wp-json\/wp\/v2\/comments?post=333"}],"version-history":[{"count":40,"href":"https:\/\/tropicoirlanka.com\/french\/wp-json\/wp\/v2\/pages\/333\/revisions"}],"predecessor-version":[{"id":3547,"href":"https:\/\/tropicoirlanka.com\/french\/wp-json\/wp\/v2\/pages\/333\/revisions\/3547"}],"up":[{"embeddable":true,"href":"https:\/\/tropicoirlanka.com\/french\/wp-json\/wp\/v2\/pages\/321"}],"wp:attachment":[{"href":"https:\/\/tropicoirlanka.com\/french\/wp-json\/wp\/v2\/media?parent=333"}],"curies":[{"name":"wp","href":"https:\/\/api.w.org\/{rel}","templated":true}]}}